{"id":26007,"date":"2022-06-19T19:25:56","date_gmt":"2022-06-19T19:25:56","guid":{"rendered":"https:\/\/westys.nl\/product\/oldtimer-westfalia-anhaenger-aufkleber-0-6t\/"},"modified":"2022-06-19T19:25:56","modified_gmt":"2022-06-19T19:25:56","slug":"oldtimer-westfalia-anhanger-aufkleber-06t-kopie","status":"publish","type":"product","link":"https:\/\/westys.nl\/de\/product\/oldtimer-westfalia-anhanger-aufkleber-06t-kopie\/","title":{"rendered":"Oldtimer Westfalia Anh\u00e4nger Aufkleber 0.6t"},"content":{"rendered":"<p>Der Westfalia 0.6t Aufkleber ist eine Nachbildung. Eine gro\u00dfartige Erg\u00e4nzung f\u00fcr Ihren Anh\u00e4nger.<\/p>\n<p>&nbsp;<\/p>\n","protected":false},"excerpt":{"rendered":"<p>Der Westfalia 0.6t Aufkleber ist eine Nachbildung. Eine gro\u00dfartige Erg\u00e4nzung f\u00fcr Ihren Anh\u00e4nger. &nbsp;<\/p>\n","protected":false},"featured_media":0,"template":"","meta":[],"product_cat":[803,776,777],"product_tag":[],"_links":{"self":[{"href":"https:\/\/westys.nl\/de\/wp-json\/wp\/v2\/product\/26007"}],"collection":[{"href":"https:\/\/westys.nl\/de\/wp-json\/wp\/v2\/product"}],"about":[{"href":"https:\/\/westys.nl\/de\/wp-json\/wp\/v2\/types\/product"}],"version-history":[{"count":0,"href":"https:\/\/westys.nl\/de\/wp-json\/wp\/v2\/product\/26007\/revisions"}],"wp:attachment":[{"href":"https:\/\/westys.nl\/de\/wp-json\/wp\/v2\/media?parent=26007"}],"wp:term":[{"taxonomy":"product_cat","embeddable":true,"href":"https:\/\/westys.nl\/de\/wp-json\/wp\/v2\/product_cat?post=26007"},{"taxonomy":"product_tag","embeddable":true,"href":"https:\/\/westys.nl\/de\/wp-json\/wp\/v2\/product_tag?post=26007"}],"curies":[{"name":"wp","href":"https:\/\/api.w.org\/{rel}","templated":true}]}}