{"id":26008,"date":"2021-11-08T11:07:53","date_gmt":"2021-11-08T11:07:53","guid":{"rendered":"https:\/\/westys.nl\/product\/oldtimer-westfalia-anhaengerkotfluegel-gebogen-links-typ-1\/"},"modified":"2021-11-08T11:07:53","modified_gmt":"2021-11-08T11:07:53","slug":"oldtimer-westfalia-anhanger-fender-geschraubt-links-typ-1","status":"publish","type":"product","link":"https:\/\/westys.nl\/de\/product\/oldtimer-westfalia-anhanger-fender-geschraubt-links-typ-1\/","title":{"rendered":"Oldtimer Westfalia Anh\u00e4ngerkotfl\u00fcgel gebogen links Typ 1"},"content":{"rendered":"<p>Der Westfalia Anh\u00e4nger Bogenfl\u00fcgel links Typ 1 ist ein Nachbau. Dieses Teil ist aus Polyester gefertigt. Dieses Modell wird bei Westfalia-Anh\u00e4ngern der Baujahre 1964 bis 1967 verwendet. Wenn Sie es auf \u00e4ltere Modelle anwenden wollen, m\u00fcssen Sie wahrscheinlich einige \u00c4nderungen vornehmen.<\/p>\n","protected":false},"excerpt":{"rendered":"<p>Der Westfalia Anh\u00e4nger Bogenfl\u00fcgel links Typ 1 ist ein Nachbau. Dieses Teil ist aus Polyester gefertigt. Dieses Modell wird bei Westfalia-Anh\u00e4ngern der Baujahre 1964 bis 1967 verwendet. Wenn Sie es auf \u00e4ltere Modelle anwenden wollen, m\u00fcssen Sie wahrscheinlich einige \u00c4nderungen vornehmen.<\/p>\n","protected":false},"featured_media":22254,"template":"","meta":[],"product_cat":[786,695,698,696,699,700,689],"product_tag":[],"_links":{"self":[{"href":"https:\/\/westys.nl\/de\/wp-json\/wp\/v2\/product\/26008"}],"collection":[{"href":"https:\/\/westys.nl\/de\/wp-json\/wp\/v2\/product"}],"about":[{"href":"https:\/\/westys.nl\/de\/wp-json\/wp\/v2\/types\/product"}],"version-history":[{"count":0,"href":"https:\/\/westys.nl\/de\/wp-json\/wp\/v2\/product\/26008\/revisions"}],"wp:featuredmedia":[{"embeddable":true,"href":"https:\/\/westys.nl\/de\/wp-json\/wp\/v2\/media\/22254"}],"wp:attachment":[{"href":"https:\/\/westys.nl\/de\/wp-json\/wp\/v2\/media?parent=26008"}],"wp:term":[{"taxonomy":"product_cat","embeddable":true,"href":"https:\/\/westys.nl\/de\/wp-json\/wp\/v2\/product_cat?post=26008"},{"taxonomy":"product_tag","embeddable":true,"href":"https:\/\/westys.nl\/de\/wp-json\/wp\/v2\/product_tag?post=26008"}],"curies":[{"name":"wp","href":"https:\/\/api.w.org\/{rel}","templated":true}]}}