{"id":26009,"date":"2021-11-08T11:13:43","date_gmt":"2021-11-08T11:13:43","guid":{"rendered":"https:\/\/westys.nl\/product\/oldtimer-westfalia-anhaenger-griffmutter-gebraucht\/"},"modified":"2021-11-08T11:13:43","modified_gmt":"2021-11-08T11:13:43","slug":"oldtimer-westfalia-anhaengergriff-mutter-gebraucht","status":"publish","type":"product","link":"https:\/\/westys.nl\/de\/product\/oldtimer-westfalia-anhaengergriff-mutter-gebraucht\/","title":{"rendered":"Oldtimer Westfalia Anh\u00e4nger Griffmutter (gebraucht)"},"content":{"rendered":"<p>Gebrauchte Westfalia Anh\u00e4nger Griffmutter. Geeignet f\u00fcr verschiedene Arten von Anh\u00e4ngern und Wohnwagen. Die Nuss wurde verwendet. Das bedeutet, dass es eine leichte Form von Rost, Kratzern und anderen Gebrauchsspuren aufweisen kann. Dieses Produkt kann auch eingef\u00e4rbt sein oder Spuren von Farbe enthalten.<\/p>\n","protected":false},"excerpt":{"rendered":"<p>Gebrauchte Westfalia Anh\u00e4nger Griffmutter. Geeignet f\u00fcr verschiedene Arten von Anh\u00e4ngern und Wohnwagen. Die Nuss wurde verwendet. Das bedeutet, dass es eine leichte Form von Rost, Kratzern und anderen Gebrauchsspuren aufweisen kann. Dieses Produkt kann auch eingef\u00e4rbt sein oder Spuren von Farbe enthalten.<\/p>\n","protected":false},"featured_media":22014,"template":"","meta":[],"product_cat":[696,689,690,688],"product_tag":[],"_links":{"self":[{"href":"https:\/\/westys.nl\/de\/wp-json\/wp\/v2\/product\/26009"}],"collection":[{"href":"https:\/\/westys.nl\/de\/wp-json\/wp\/v2\/product"}],"about":[{"href":"https:\/\/westys.nl\/de\/wp-json\/wp\/v2\/types\/product"}],"version-history":[{"count":0,"href":"https:\/\/westys.nl\/de\/wp-json\/wp\/v2\/product\/26009\/revisions"}],"wp:featuredmedia":[{"embeddable":true,"href":"https:\/\/westys.nl\/de\/wp-json\/wp\/v2\/media\/22014"}],"wp:attachment":[{"href":"https:\/\/westys.nl\/de\/wp-json\/wp\/v2\/media?parent=26009"}],"wp:term":[{"taxonomy":"product_cat","embeddable":true,"href":"https:\/\/westys.nl\/de\/wp-json\/wp\/v2\/product_cat?post=26009"},{"taxonomy":"product_tag","embeddable":true,"href":"https:\/\/westys.nl\/de\/wp-json\/wp\/v2\/product_tag?post=26009"}],"curies":[{"name":"wp","href":"https:\/\/api.w.org\/{rel}","templated":true}]}}