{"id":26010,"date":"2021-11-08T11:09:27","date_gmt":"2021-11-08T11:09:27","guid":{"rendered":"https:\/\/westys.nl\/product\/oldtimer-westfalia-anhaengerkotfluegel-gebogen-rechts-typ-1\/"},"modified":"2021-11-08T11:09:27","modified_gmt":"2021-11-08T11:09:27","slug":"oldtimer-westfalia-anhaenger-fender-fett-rechts-typ-1-kopie","status":"publish","type":"product","link":"https:\/\/westys.nl\/de\/product\/oldtimer-westfalia-anhaenger-fender-fett-rechts-typ-1-kopie\/","title":{"rendered":"Oldtimer Westfalia Anh\u00e4ngerkotfl\u00fcgel gebogen rechts Typ 1"},"content":{"rendered":"<p>Der Westfalia Trailer Curved Wing rechts Typ 1 ist ein Nachbau. Dieses Teil ist aus Polyester gefertigt. Dieses Modell wird bei Westfalia-Anh\u00e4ngern der Baujahre 1964 bis 1967 verwendet. Wenn Sie es auf \u00e4ltere Modelle anwenden wollen, m\u00fcssen Sie wahrscheinlich einige \u00c4nderungen vornehmen.<\/p>\n","protected":false},"excerpt":{"rendered":"<p>Der Westfalia Trailer Curved Wing rechts Typ 1 ist ein Nachbau. Dieses Teil ist aus Polyester gefertigt. Dieses Modell wird bei Westfalia-Anh\u00e4ngern der Baujahre 1964 bis 1967 verwendet. Wenn Sie es auf \u00e4ltere Modelle anwenden wollen, m\u00fcssen Sie wahrscheinlich einige \u00c4nderungen vornehmen.<\/p>\n","protected":false},"featured_media":22257,"template":"","meta":[],"product_cat":[786,695,698,696,699,700,689],"product_tag":[],"_links":{"self":[{"href":"https:\/\/westys.nl\/de\/wp-json\/wp\/v2\/product\/26010"}],"collection":[{"href":"https:\/\/westys.nl\/de\/wp-json\/wp\/v2\/product"}],"about":[{"href":"https:\/\/westys.nl\/de\/wp-json\/wp\/v2\/types\/product"}],"version-history":[{"count":0,"href":"https:\/\/westys.nl\/de\/wp-json\/wp\/v2\/product\/26010\/revisions"}],"wp:featuredmedia":[{"embeddable":true,"href":"https:\/\/westys.nl\/de\/wp-json\/wp\/v2\/media\/22257"}],"wp:attachment":[{"href":"https:\/\/westys.nl\/de\/wp-json\/wp\/v2\/media?parent=26010"}],"wp:term":[{"taxonomy":"product_cat","embeddable":true,"href":"https:\/\/westys.nl\/de\/wp-json\/wp\/v2\/product_cat?post=26010"},{"taxonomy":"product_tag","embeddable":true,"href":"https:\/\/westys.nl\/de\/wp-json\/wp\/v2\/product_tag?post=26010"}],"curies":[{"name":"wp","href":"https:\/\/api.w.org\/{rel}","templated":true}]}}