{"id":26016,"date":"2021-11-08T11:16:53","date_gmt":"2021-11-08T11:16:53","guid":{"rendered":"https:\/\/westys.nl\/product\/oldtimer-westfalia-anhaenger-griffring-gebraucht\/"},"modified":"2021-11-08T11:16:53","modified_gmt":"2021-11-08T11:16:53","slug":"oldtimer-westfalia-anhaengergriff-ring-gebraucht","status":"publish","type":"product","link":"https:\/\/westys.nl\/de\/product\/oldtimer-westfalia-anhaengergriff-ring-gebraucht\/","title":{"rendered":"Oldtimer Westfalia Anh\u00e4nger Griffring (gebraucht)"},"content":{"rendered":"<p>Gebrauchter Westfalia Anh\u00e4ngergriffring. Geeignet f\u00fcr verschiedene Arten von Anh\u00e4ngern und Wohnwagen. Der Ring wird verwendet. Das bedeutet, dass es eine leichte Form von Rost, Kratzern und anderen Gebrauchsspuren aufweisen kann. Dieses Produkt kann auch eingef\u00e4rbt sein oder Spuren von Farbe enthalten.<\/p>\n","protected":false},"excerpt":{"rendered":"<p>Gebrauchter Westfalia Anh\u00e4ngergriffring. Geeignet f\u00fcr verschiedene Arten von Anh\u00e4ngern und Wohnwagen. Der Ring wird verwendet. Das bedeutet, dass es eine leichte Form von Rost, Kratzern und anderen Gebrauchsspuren aufweisen kann. Dieses Produkt kann auch eingef\u00e4rbt sein oder Spuren von Farbe enthalten.<\/p>\n","protected":false},"featured_media":22017,"template":"","meta":[],"product_cat":[689,690,688],"product_tag":[],"_links":{"self":[{"href":"https:\/\/westys.nl\/de\/wp-json\/wp\/v2\/product\/26016"}],"collection":[{"href":"https:\/\/westys.nl\/de\/wp-json\/wp\/v2\/product"}],"about":[{"href":"https:\/\/westys.nl\/de\/wp-json\/wp\/v2\/types\/product"}],"version-history":[{"count":0,"href":"https:\/\/westys.nl\/de\/wp-json\/wp\/v2\/product\/26016\/revisions"}],"wp:featuredmedia":[{"embeddable":true,"href":"https:\/\/westys.nl\/de\/wp-json\/wp\/v2\/media\/22017"}],"wp:attachment":[{"href":"https:\/\/westys.nl\/de\/wp-json\/wp\/v2\/media?parent=26016"}],"wp:term":[{"taxonomy":"product_cat","embeddable":true,"href":"https:\/\/westys.nl\/de\/wp-json\/wp\/v2\/product_cat?post=26016"},{"taxonomy":"product_tag","embeddable":true,"href":"https:\/\/westys.nl\/de\/wp-json\/wp\/v2\/product_tag?post=26016"}],"curies":[{"name":"wp","href":"https:\/\/api.w.org\/{rel}","templated":true}]}}