{"id":26020,"date":"2022-08-23T13:05:45","date_gmt":"2022-08-23T13:05:45","guid":{"rendered":"https:\/\/westys.nl\/product\/oldtimer-westfalia-anhaengerhalterung-gebraucht\/"},"modified":"2023-10-03T12:14:41","modified_gmt":"2023-10-03T12:14:41","slug":"oldtimer-westfalia-anhanger-halterung-gebraucht","status":"publish","type":"product","link":"https:\/\/westys.nl\/de\/product\/oldtimer-westfalia-anhanger-halterung-gebraucht\/","title":{"rendered":"Oldtimer Westfalia Anh\u00e4ngerhalterung (gebraucht)"},"content":{"rendered":"<p>Die Westfalia Anh\u00e4ngerhalterung ist ein Originalprodukt und wird f\u00fcr Anh\u00e4nger verwendet. Diese Halterung wurde verwendet. Das bedeutet, dass es leichte Gebrauchsspuren wie Rost, Kratzer, Farbe usw. aufweisen kann.<\/p>\n<p>Dieses Produkt kann leicht von der Abbildung abweichen.<\/p>\n<p>&nbsp;<\/p>\n<p>&nbsp;<\/p>\n","protected":false},"excerpt":{"rendered":"<p>Die Westfalia Anh\u00e4ngerhalterung ist ein Originalprodukt und wird f\u00fcr Anh\u00e4nger verwendet. Diese Halterung wurde verwendet. Das bedeutet, dass es leichte Gebrauchsspuren wie Rost, Kratzer, Farbe usw. aufweisen kann. Dieses Produkt kann leicht von der Abbildung abweichen. &nbsp; &nbsp;<\/p>\n","protected":false},"featured_media":21960,"template":"","meta":[],"product_cat":[692,695,776,693,698,703,686,687,896,696,706,702,707,699,705,777,701,694,700,691,697,689,728,690,704,688],"product_tag":[],"_links":{"self":[{"href":"https:\/\/westys.nl\/de\/wp-json\/wp\/v2\/product\/26020"}],"collection":[{"href":"https:\/\/westys.nl\/de\/wp-json\/wp\/v2\/product"}],"about":[{"href":"https:\/\/westys.nl\/de\/wp-json\/wp\/v2\/types\/product"}],"version-history":[{"count":1,"href":"https:\/\/westys.nl\/de\/wp-json\/wp\/v2\/product\/26020\/revisions"}],"predecessor-version":[{"id":26030,"href":"https:\/\/westys.nl\/de\/wp-json\/wp\/v2\/product\/26020\/revisions\/26030"}],"wp:featuredmedia":[{"embeddable":true,"href":"https:\/\/westys.nl\/de\/wp-json\/wp\/v2\/media\/21960"}],"wp:attachment":[{"href":"https:\/\/westys.nl\/de\/wp-json\/wp\/v2\/media?parent=26020"}],"wp:term":[{"taxonomy":"product_cat","embeddable":true,"href":"https:\/\/westys.nl\/de\/wp-json\/wp\/v2\/product_cat?post=26020"},{"taxonomy":"product_tag","embeddable":true,"href":"https:\/\/westys.nl\/de\/wp-json\/wp\/v2\/product_tag?post=26020"}],"curies":[{"name":"wp","href":"https:\/\/api.w.org\/{rel}","templated":true}]}}