{"id":26023,"date":"2022-06-19T19:42:19","date_gmt":"2022-06-19T19:42:19","guid":{"rendered":"https:\/\/westys.nl\/product\/oldtimer-westfalia-anhaenger-aufkleber-set-600-kg\/"},"modified":"2023-10-03T12:14:42","modified_gmt":"2023-10-03T12:14:42","slug":"oldtimer-westfalia-anhanger-aufkleber-set-600-kg","status":"publish","type":"product","link":"https:\/\/westys.nl\/de\/product\/oldtimer-westfalia-anhanger-aufkleber-set-600-kg\/","title":{"rendered":"Oldtimer Westfalia Anh\u00e4nger Aufkleber Set 600 kg"},"content":{"rendered":"<p>Der Westfalia-Aufklebersatz ist eine Reproduktion. Bestehend aus 1x Westfalia Anh\u00e4ngeraufkleber, 2x 0,6t Aufkleber und 1x Max Deichsellast Aufkleber. Eine gro\u00dfartige Erg\u00e4nzung f\u00fcr Ihren Anh\u00e4nger.<\/p>\n<p>&nbsp;<\/p>\n","protected":false},"excerpt":{"rendered":"<p>Der Westfalia-Aufklebersatz ist eine Reproduktion. Bestehend aus 1x Westfalia Anh\u00e4ngeraufkleber, 2x 0,6t Aufkleber und 1x Max Deichsellast Aufkleber. Eine gro\u00dfartige Erg\u00e4nzung f\u00fcr Ihren Anh\u00e4nger. &nbsp;<\/p>\n","protected":false},"featured_media":0,"template":"","meta":[],"product_cat":[803,776,777],"product_tag":[],"_links":{"self":[{"href":"https:\/\/westys.nl\/de\/wp-json\/wp\/v2\/product\/26023"}],"collection":[{"href":"https:\/\/westys.nl\/de\/wp-json\/wp\/v2\/product"}],"about":[{"href":"https:\/\/westys.nl\/de\/wp-json\/wp\/v2\/types\/product"}],"version-history":[{"count":1,"href":"https:\/\/westys.nl\/de\/wp-json\/wp\/v2\/product\/26023\/revisions"}],"predecessor-version":[{"id":26033,"href":"https:\/\/westys.nl\/de\/wp-json\/wp\/v2\/product\/26023\/revisions\/26033"}],"wp:attachment":[{"href":"https:\/\/westys.nl\/de\/wp-json\/wp\/v2\/media?parent=26023"}],"wp:term":[{"taxonomy":"product_cat","embeddable":true,"href":"https:\/\/westys.nl\/de\/wp-json\/wp\/v2\/product_cat?post=26023"},{"taxonomy":"product_tag","embeddable":true,"href":"https:\/\/westys.nl\/de\/wp-json\/wp\/v2\/product_tag?post=26023"}],"curies":[{"name":"wp","href":"https:\/\/api.w.org\/{rel}","templated":true}]}}