{"id":26048,"date":"2021-10-28T14:22:30","date_gmt":"2021-10-28T14:22:30","guid":{"rendered":"https:\/\/westys.nl\/product\/oldtimer-westfalia-wohnwagen-schrank-tuerschloss-typ-1\/"},"modified":"2023-10-03T12:15:58","modified_gmt":"2023-10-03T12:15:58","slug":"oldtimer-westfalia-wohnwagen-schrank-tur-schloss-typ-1","status":"publish","type":"product","link":"https:\/\/westys.nl\/de\/product\/oldtimer-westfalia-wohnwagen-schrank-tur-schloss-typ-1\/","title":{"rendered":"Oldtimer Westfalia Wohnwagen Schrank T\u00fcrschloss Typ 1"},"content":{"rendered":"<p>Westfalia Wohnwagen-Schrankt\u00fcrschloss Typ 1. Dieses Schloss kann sowohl an Anh\u00e4ngern als auch an Wohnwagen verwendet werden.<\/p>\n<p>Kommt inklusive. Schlossverschluss und Befestigungsmaterial.<\/p>\n<p>&nbsp;<\/p>\n","protected":false},"excerpt":{"rendered":"<p>Westfalia Wohnwagen-Schrankt\u00fcrschloss Typ 1. Dieses Schloss kann sowohl an Anh\u00e4ngern als auch an Wohnwagen verwendet werden. Kommt inklusive. Schlossverschluss und Befestigungsmaterial. &nbsp;<\/p>\n","protected":false},"featured_media":22605,"template":"","meta":[],"product_cat":[794,813,779,690,688],"product_tag":[],"_links":{"self":[{"href":"https:\/\/westys.nl\/de\/wp-json\/wp\/v2\/product\/26048"}],"collection":[{"href":"https:\/\/westys.nl\/de\/wp-json\/wp\/v2\/product"}],"about":[{"href":"https:\/\/westys.nl\/de\/wp-json\/wp\/v2\/types\/product"}],"version-history":[{"count":1,"href":"https:\/\/westys.nl\/de\/wp-json\/wp\/v2\/product\/26048\/revisions"}],"predecessor-version":[{"id":26092,"href":"https:\/\/westys.nl\/de\/wp-json\/wp\/v2\/product\/26048\/revisions\/26092"}],"wp:featuredmedia":[{"embeddable":true,"href":"https:\/\/westys.nl\/de\/wp-json\/wp\/v2\/media\/22605"}],"wp:attachment":[{"href":"https:\/\/westys.nl\/de\/wp-json\/wp\/v2\/media?parent=26048"}],"wp:term":[{"taxonomy":"product_cat","embeddable":true,"href":"https:\/\/westys.nl\/de\/wp-json\/wp\/v2\/product_cat?post=26048"},{"taxonomy":"product_tag","embeddable":true,"href":"https:\/\/westys.nl\/de\/wp-json\/wp\/v2\/product_tag?post=26048"}],"curies":[{"name":"wp","href":"https:\/\/api.w.org\/{rel}","templated":true}]}}