{"id":26050,"date":"2021-10-28T14:06:47","date_gmt":"2021-10-28T14:06:47","guid":{"rendered":"https:\/\/westys.nl\/product\/oldtimer-westfalia-wohnwagen-sitzbankgestell-rechts-gebraucht\/"},"modified":"2023-10-03T12:15:55","modified_gmt":"2023-10-03T12:15:55","slug":"oldtimer-westfalia-wohnwagen-bench-frame-rechts-gebraucht","status":"publish","type":"product","link":"https:\/\/westys.nl\/de\/product\/oldtimer-westfalia-wohnwagen-bench-frame-rechts-gebraucht\/","title":{"rendered":"Oldtimer Westfalia Wohnwagen Sitzbankgestell rechts (gebraucht)"},"content":{"rendered":"<p>Das Westfalia Wohnwagen-Sitzbankgestell rechts ist ein Originalprodukt und wird in Wohnwagen verwendet. Der Rahmen wird verwendet. Das bedeutet, dass es leichte Gebrauchsspuren wie Rost, Kratzer, Farbe usw. aufweisen kann.<\/p>\n<p>Dieser Artikel enth\u00e4lt nur den Metallrahmen und die Montageplatte.<\/p>\n<p>Der Versand ist m\u00f6glich, kann aber zus\u00e4tzliche Kosten verursachen. Fragen Sie nach den M\u00f6glichkeiten.<\/p>\n<p>&nbsp;<\/p>\n","protected":false},"excerpt":{"rendered":"<p>Das Westfalia Wohnwagen-Sitzbankgestell rechts ist ein Originalprodukt und wird in Wohnwagen verwendet. Der Rahmen wird verwendet. Das bedeutet, dass es leichte Gebrauchsspuren wie Rost, Kratzer, Farbe usw. aufweisen kann. Dieser Artikel enth\u00e4lt nur den Metallrahmen und die Montageplatte. Der Versand ist m\u00f6glich, kann aber zus\u00e4tzliche Kosten verursachen. Fragen Sie nach den M\u00f6glichkeiten. &nbsp;<\/p>\n","protected":false},"featured_media":0,"template":"","meta":[],"product_cat":[688],"product_tag":[],"_links":{"self":[{"href":"https:\/\/westys.nl\/de\/wp-json\/wp\/v2\/product\/26050"}],"collection":[{"href":"https:\/\/westys.nl\/de\/wp-json\/wp\/v2\/product"}],"about":[{"href":"https:\/\/westys.nl\/de\/wp-json\/wp\/v2\/types\/product"}],"version-history":[{"count":1,"href":"https:\/\/westys.nl\/de\/wp-json\/wp\/v2\/product\/26050\/revisions"}],"predecessor-version":[{"id":26086,"href":"https:\/\/westys.nl\/de\/wp-json\/wp\/v2\/product\/26050\/revisions\/26086"}],"wp:attachment":[{"href":"https:\/\/westys.nl\/de\/wp-json\/wp\/v2\/media?parent=26050"}],"wp:term":[{"taxonomy":"product_cat","embeddable":true,"href":"https:\/\/westys.nl\/de\/wp-json\/wp\/v2\/product_cat?post=26050"},{"taxonomy":"product_tag","embeddable":true,"href":"https:\/\/westys.nl\/de\/wp-json\/wp\/v2\/product_tag?post=26050"}],"curies":[{"name":"wp","href":"https:\/\/api.w.org\/{rel}","templated":true}]}}