{"id":26055,"date":"2021-10-28T13:45:43","date_gmt":"2021-10-28T13:45:43","guid":{"rendered":"https:\/\/westys.nl\/product\/oldtimer-westfalia-wohnwagen-kleiderschrank-tuer-holz-typ-2-gebraucht\/"},"modified":"2023-10-03T12:15:56","modified_gmt":"2023-10-03T12:15:56","slug":"vintage-westfalia-caravan-kleiderschrank-tur-holz-typ-2-gebraucht","status":"publish","type":"product","link":"https:\/\/westys.nl\/de\/product\/vintage-westfalia-caravan-kleiderschrank-tur-holz-typ-2-gebraucht\/","title":{"rendered":"Oldtimer Westfalia Wohnwagen Kleiderschrank T\u00fcr Holz Typ 2 (gebraucht)"},"content":{"rendered":"<p>Die Westfalia Caravan Schrankt\u00fcr Holz Typ 2 ist ein Originalprodukt und wird in Caravans eingesetzt. Die T\u00fcr ist benutzt worden. Das bedeutet, dass es leichte Gebrauchsspuren wie Kratzer, Farbe usw. aufweisen kann.<\/p>\n<p>Dieser Artikel enth\u00e4lt nur das Holz.<\/p>\n<p>&nbsp;<\/p>\n","protected":false},"excerpt":{"rendered":"<p>Die Westfalia Caravan Schrankt\u00fcr Holz Typ 2 ist ein Originalprodukt und wird in Caravans eingesetzt. Die T\u00fcr ist benutzt worden. Das bedeutet, dass es leichte Gebrauchsspuren wie Kratzer, Farbe usw. aufweisen kann. Dieser Artikel enth\u00e4lt nur das Holz. &nbsp;<\/p>\n","protected":false},"featured_media":0,"template":"","meta":[],"product_cat":[794,688],"product_tag":[],"_links":{"self":[{"href":"https:\/\/westys.nl\/de\/wp-json\/wp\/v2\/product\/26055"}],"collection":[{"href":"https:\/\/westys.nl\/de\/wp-json\/wp\/v2\/product"}],"about":[{"href":"https:\/\/westys.nl\/de\/wp-json\/wp\/v2\/types\/product"}],"version-history":[{"count":1,"href":"https:\/\/westys.nl\/de\/wp-json\/wp\/v2\/product\/26055\/revisions"}],"predecessor-version":[{"id":26088,"href":"https:\/\/westys.nl\/de\/wp-json\/wp\/v2\/product\/26055\/revisions\/26088"}],"wp:attachment":[{"href":"https:\/\/westys.nl\/de\/wp-json\/wp\/v2\/media?parent=26055"}],"wp:term":[{"taxonomy":"product_cat","embeddable":true,"href":"https:\/\/westys.nl\/de\/wp-json\/wp\/v2\/product_cat?post=26055"},{"taxonomy":"product_tag","embeddable":true,"href":"https:\/\/westys.nl\/de\/wp-json\/wp\/v2\/product_tag?post=26055"}],"curies":[{"name":"wp","href":"https:\/\/api.w.org\/{rel}","templated":true}]}}