{"id":26075,"date":"2021-10-28T13:42:32","date_gmt":"2021-10-28T13:42:32","guid":{"rendered":"https:\/\/westys.nl\/product\/oldtimer-westfalia-wohnwagen-kuechenschublade-gross-typ-1-gebraucht\/"},"modified":"2023-10-03T12:15:53","modified_gmt":"2023-10-03T12:15:53","slug":"vintage-westfalia-caravan-kuchen-schublade-gros-typ-1-gebraucht","status":"publish","type":"product","link":"https:\/\/westys.nl\/de\/product\/vintage-westfalia-caravan-kuchen-schublade-gros-typ-1-gebraucht\/","title":{"rendered":"Oldtimer Westfalia Wohnwagen K\u00fcchenschublade gro\u00df Typ 1 (gebraucht)"},"content":{"rendered":"<p>Die Westfalia Caravan K\u00fcchenschublade gro\u00df Typ 1 ist ein Originalprodukt und wird in Caravans eingesetzt. Die Schublade ist benutzt worden. Das bedeutet, dass es leichte Gebrauchsspuren wie Kratzer, Farbe usw. aufweisen kann.<\/p>\n<p>&nbsp;<\/p>\n","protected":false},"excerpt":{"rendered":"<p>Die Westfalia Caravan K\u00fcchenschublade gro\u00df Typ 1 ist ein Originalprodukt und wird in Caravans eingesetzt. Die Schublade ist benutzt worden. Das bedeutet, dass es leichte Gebrauchsspuren wie Kratzer, Farbe usw. aufweisen kann. &nbsp;<\/p>\n","protected":false},"featured_media":0,"template":"","meta":[],"product_cat":[794,688],"product_tag":[],"_links":{"self":[{"href":"https:\/\/westys.nl\/de\/wp-json\/wp\/v2\/product\/26075"}],"collection":[{"href":"https:\/\/westys.nl\/de\/wp-json\/wp\/v2\/product"}],"about":[{"href":"https:\/\/westys.nl\/de\/wp-json\/wp\/v2\/types\/product"}],"version-history":[{"count":1,"href":"https:\/\/westys.nl\/de\/wp-json\/wp\/v2\/product\/26075\/revisions"}],"predecessor-version":[{"id":26081,"href":"https:\/\/westys.nl\/de\/wp-json\/wp\/v2\/product\/26075\/revisions\/26081"}],"wp:attachment":[{"href":"https:\/\/westys.nl\/de\/wp-json\/wp\/v2\/media?parent=26075"}],"wp:term":[{"taxonomy":"product_cat","embeddable":true,"href":"https:\/\/westys.nl\/de\/wp-json\/wp\/v2\/product_cat?post=26075"},{"taxonomy":"product_tag","embeddable":true,"href":"https:\/\/westys.nl\/de\/wp-json\/wp\/v2\/product_tag?post=26075"}],"curies":[{"name":"wp","href":"https:\/\/api.w.org\/{rel}","templated":true}]}}