{"id":26077,"date":"2021-10-28T13:59:18","date_gmt":"2021-10-28T13:59:18","guid":{"rendered":"https:\/\/westys.nl\/product\/oldtimer-westfalia-wohnwagen-kuechentuer-holz-typ-2-gebraucht\/"},"modified":"2023-10-03T12:15:53","modified_gmt":"2023-10-03T12:15:53","slug":"oldtimer-westfalia-wohnwagen-kuchentur-holztyp-1-gebraucht-kopie","status":"publish","type":"product","link":"https:\/\/westys.nl\/de\/product\/oldtimer-westfalia-wohnwagen-kuchentur-holztyp-1-gebraucht-kopie\/","title":{"rendered":"Oldtimer Westfalia Wohnwagen K\u00fcchent\u00fcr Holz Typ 2 (gebraucht)"},"content":{"rendered":"<p>Die Westfalia Caravan K\u00fcchent\u00fcr Holz Typ 2 ist ein Originalprodukt und wird in Caravans verwendet. Die T\u00fcr ist benutzt worden. Das bedeutet, dass es leichte Gebrauchsspuren wie Kratzer, Farbe usw. aufweisen kann.<\/p>\n<p>Dieser Artikel enth\u00e4lt nur das Holz.<\/p>\n<p>&nbsp;<\/p>\n","protected":false},"excerpt":{"rendered":"<p>Die Westfalia Caravan K\u00fcchent\u00fcr Holz Typ 2 ist ein Originalprodukt und wird in Caravans verwendet. Die T\u00fcr ist benutzt worden. Das bedeutet, dass es leichte Gebrauchsspuren wie Kratzer, Farbe usw. aufweisen kann. Dieser Artikel enth\u00e4lt nur das Holz. &nbsp;<\/p>\n","protected":false},"featured_media":0,"template":"","meta":[],"product_cat":[794,688],"product_tag":[],"_links":{"self":[{"href":"https:\/\/westys.nl\/de\/wp-json\/wp\/v2\/product\/26077"}],"collection":[{"href":"https:\/\/westys.nl\/de\/wp-json\/wp\/v2\/product"}],"about":[{"href":"https:\/\/westys.nl\/de\/wp-json\/wp\/v2\/types\/product"}],"version-history":[{"count":1,"href":"https:\/\/westys.nl\/de\/wp-json\/wp\/v2\/product\/26077\/revisions"}],"predecessor-version":[{"id":26080,"href":"https:\/\/westys.nl\/de\/wp-json\/wp\/v2\/product\/26077\/revisions\/26080"}],"wp:attachment":[{"href":"https:\/\/westys.nl\/de\/wp-json\/wp\/v2\/media?parent=26077"}],"wp:term":[{"taxonomy":"product_cat","embeddable":true,"href":"https:\/\/westys.nl\/de\/wp-json\/wp\/v2\/product_cat?post=26077"},{"taxonomy":"product_tag","embeddable":true,"href":"https:\/\/westys.nl\/de\/wp-json\/wp\/v2\/product_tag?post=26077"}],"curies":[{"name":"wp","href":"https:\/\/api.w.org\/{rel}","templated":true}]}}