{"id":26078,"date":"2021-10-28T14:07:27","date_gmt":"2021-10-28T14:07:27","guid":{"rendered":"https:\/\/westys.nl\/product\/oldtimer-westfalia-caravan-sitzbank-rueckenlehne-rechts-gebraucht\/"},"modified":"2023-10-03T12:15:54","modified_gmt":"2023-10-03T12:15:54","slug":"oldtimer-westfalia-wohnwagen-heckrahmen-rechts-gebraucht","status":"publish","type":"product","link":"https:\/\/westys.nl\/de\/product\/oldtimer-westfalia-wohnwagen-heckrahmen-rechts-gebraucht\/","title":{"rendered":"Oldtimer Westfalia Caravan Sitzbank R\u00fcckenlehne rechts (gebraucht)"},"content":{"rendered":"<p>Das Westfalia Caravan-Sitzbankgestell rechts ist ein Originalprodukt und wird in Caravans eingesetzt. Der Rahmen wird verwendet. Das bedeutet, dass es leichte Gebrauchsspuren wie Rost, Kratzer, Farbe usw. aufweisen kann.<\/p>\n<p>Dieser Artikel enth\u00e4lt nur den Metallrahmen und die Montageplatte.<\/p>\n<p>Der Versand ist m\u00f6glich, kann aber zus\u00e4tzliche Kosten verursachen. Fragen Sie nach den M\u00f6glichkeiten.<\/p>\n<p>&nbsp;<\/p>\n","protected":false},"excerpt":{"rendered":"<p>Das Westfalia Caravan-Sitzbankgestell rechts ist ein Originalprodukt und wird in Caravans eingesetzt. Der Rahmen wird verwendet. Das bedeutet, dass es leichte Gebrauchsspuren wie Rost, Kratzer, Farbe usw. aufweisen kann. Dieser Artikel enth\u00e4lt nur den Metallrahmen und die Montageplatte. Der Versand ist m\u00f6glich, kann aber zus\u00e4tzliche Kosten verursachen. Fragen Sie nach den M\u00f6glichkeiten. &nbsp;<\/p>\n","protected":false},"featured_media":0,"template":"","meta":[],"product_cat":[688],"product_tag":[],"_links":{"self":[{"href":"https:\/\/westys.nl\/de\/wp-json\/wp\/v2\/product\/26078"}],"collection":[{"href":"https:\/\/westys.nl\/de\/wp-json\/wp\/v2\/product"}],"about":[{"href":"https:\/\/westys.nl\/de\/wp-json\/wp\/v2\/types\/product"}],"version-history":[{"count":1,"href":"https:\/\/westys.nl\/de\/wp-json\/wp\/v2\/product\/26078\/revisions"}],"predecessor-version":[{"id":26083,"href":"https:\/\/westys.nl\/de\/wp-json\/wp\/v2\/product\/26078\/revisions\/26083"}],"wp:attachment":[{"href":"https:\/\/westys.nl\/de\/wp-json\/wp\/v2\/media?parent=26078"}],"wp:term":[{"taxonomy":"product_cat","embeddable":true,"href":"https:\/\/westys.nl\/de\/wp-json\/wp\/v2\/product_cat?post=26078"},{"taxonomy":"product_tag","embeddable":true,"href":"https:\/\/westys.nl\/de\/wp-json\/wp\/v2\/product_tag?post=26078"}],"curies":[{"name":"wp","href":"https:\/\/api.w.org\/{rel}","templated":true}]}}