{"id":26095,"date":"2021-10-28T13:47:41","date_gmt":"2021-10-28T13:47:41","guid":{"rendered":"https:\/\/westys.nl\/product\/oldtimer-westfalia-wohnwagen-etagenbettstuetze-gebraucht\/"},"modified":"2021-10-28T13:47:41","modified_gmt":"2021-10-28T13:47:41","slug":"oldtimer-westfalia-wohnwagen-etagenbett-trager-gebraucht","status":"publish","type":"product","link":"https:\/\/westys.nl\/de\/product\/oldtimer-westfalia-wohnwagen-etagenbett-trager-gebraucht\/","title":{"rendered":"Oldtimer Westfalia Wohnwagen Etagenbettst\u00fctze (gebraucht)"},"content":{"rendered":"<p>Die Westfalia Caravan-Etagenbettst\u00fctze ist ein Originalprodukt und wird in Wohnwagen verwendet. Das Unterst\u00fctzungszentrum wurde in Anspruch genommen. Das bedeutet, dass es leichte Gebrauchsspuren wie Rost, Kratzer, Farbe usw. aufweisen kann.<\/p>\n<p>Exkl. Befestigungsmaterialien.<\/p>\n<p>&nbsp;<\/p>\n","protected":false},"excerpt":{"rendered":"<p>Die Westfalia Caravan-Etagenbettst\u00fctze ist ein Originalprodukt und wird in Wohnwagen verwendet. Das Unterst\u00fctzungszentrum wurde in Anspruch genommen. Das bedeutet, dass es leichte Gebrauchsspuren wie Rost, Kratzer, Farbe usw. aufweisen kann. Exkl. Befestigungsmaterialien. &nbsp;<\/p>\n","protected":false},"featured_media":0,"template":"","meta":[],"product_cat":[688],"product_tag":[],"_links":{"self":[{"href":"https:\/\/westys.nl\/de\/wp-json\/wp\/v2\/product\/26095"}],"collection":[{"href":"https:\/\/westys.nl\/de\/wp-json\/wp\/v2\/product"}],"about":[{"href":"https:\/\/westys.nl\/de\/wp-json\/wp\/v2\/types\/product"}],"version-history":[{"count":0,"href":"https:\/\/westys.nl\/de\/wp-json\/wp\/v2\/product\/26095\/revisions"}],"wp:attachment":[{"href":"https:\/\/westys.nl\/de\/wp-json\/wp\/v2\/media?parent=26095"}],"wp:term":[{"taxonomy":"product_cat","embeddable":true,"href":"https:\/\/westys.nl\/de\/wp-json\/wp\/v2\/product_cat?post=26095"},{"taxonomy":"product_tag","embeddable":true,"href":"https:\/\/westys.nl\/de\/wp-json\/wp\/v2\/product_tag?post=26095"}],"curies":[{"name":"wp","href":"https:\/\/api.w.org\/{rel}","templated":true}]}}