{"id":26104,"date":"2021-10-28T14:01:49","date_gmt":"2021-10-28T14:01:49","guid":{"rendered":"https:\/\/westys.nl\/product\/oldtimer-westfalia-wohnwagen-sitzbankgestell-links-gebraucht\/"},"modified":"2023-10-03T12:16:05","modified_gmt":"2023-10-03T12:16:05","slug":"vintage-westfalia-wohnwagen-bench-frame-gebraucht","status":"publish","type":"product","link":"https:\/\/westys.nl\/de\/product\/vintage-westfalia-wohnwagen-bench-frame-gebraucht\/","title":{"rendered":"Oldtimer Westfalia Wohnwagen Sitzbankgestell links (gebraucht)"},"content":{"rendered":"<p>Das Westfalia Wohnwagen-Sitzbankgestell links ist ein Originalprodukt und wird in Wohnwagen verwendet. Der Rahmen wird verwendet. Das bedeutet, dass es leichte Gebrauchsspuren wie Rost, Kratzer, Farbe usw. aufweisen kann.<\/p>\n<p>Dieser Artikel enth\u00e4lt nur den Metallrahmen und die Montageplatte.<\/p>\n<p>Der Versand ist m\u00f6glich, kann aber zus\u00e4tzliche Kosten verursachen. Fragen Sie nach den M\u00f6glichkeiten.<\/p>\n<p>&nbsp;<\/p>\n","protected":false},"excerpt":{"rendered":"<p>Das Westfalia Wohnwagen-Sitzbankgestell links ist ein Originalprodukt und wird in Wohnwagen verwendet. Der Rahmen wird verwendet. Das bedeutet, dass es leichte Gebrauchsspuren wie Rost, Kratzer, Farbe usw. aufweisen kann. Dieser Artikel enth\u00e4lt nur den Metallrahmen und die Montageplatte. Der Versand ist m\u00f6glich, kann aber zus\u00e4tzliche Kosten verursachen. Fragen Sie nach den M\u00f6glichkeiten. &nbsp;<\/p>\n","protected":false},"featured_media":0,"template":"","meta":[],"product_cat":[688],"product_tag":[],"_links":{"self":[{"href":"https:\/\/westys.nl\/de\/wp-json\/wp\/v2\/product\/26104"}],"collection":[{"href":"https:\/\/westys.nl\/de\/wp-json\/wp\/v2\/product"}],"about":[{"href":"https:\/\/westys.nl\/de\/wp-json\/wp\/v2\/types\/product"}],"version-history":[{"count":1,"href":"https:\/\/westys.nl\/de\/wp-json\/wp\/v2\/product\/26104\/revisions"}],"predecessor-version":[{"id":26105,"href":"https:\/\/westys.nl\/de\/wp-json\/wp\/v2\/product\/26104\/revisions\/26105"}],"wp:attachment":[{"href":"https:\/\/westys.nl\/de\/wp-json\/wp\/v2\/media?parent=26104"}],"wp:term":[{"taxonomy":"product_cat","embeddable":true,"href":"https:\/\/westys.nl\/de\/wp-json\/wp\/v2\/product_cat?post=26104"},{"taxonomy":"product_tag","embeddable":true,"href":"https:\/\/westys.nl\/de\/wp-json\/wp\/v2\/product_tag?post=26104"}],"curies":[{"name":"wp","href":"https:\/\/api.w.org\/{rel}","templated":true}]}}