{"id":26122,"date":"2021-09-28T13:10:45","date_gmt":"2021-09-28T13:10:45","guid":{"rendered":"https:\/\/westys.nl\/product\/oldtimer-westfalia-anhaenger-tuergriff-rechteckige-dichtung\/"},"modified":"2023-10-03T12:34:44","modified_gmt":"2023-10-03T12:34:44","slug":"oldtimer-westfalia-anhangertur-knauf-rechts-winkel-dichtung","status":"publish","type":"product","link":"https:\/\/westys.nl\/de\/product\/oldtimer-westfalia-anhangertur-knauf-rechts-winkel-dichtung\/","title":{"rendered":"Oldtimer Westfalia Anh\u00e4nger T\u00fcrgriff rechteckige Dichtung"},"content":{"rendered":"<p>Westfalia Anh\u00e4nger T\u00fcrgriff rechteckige Dichtung.<\/p>\n","protected":false},"excerpt":{"rendered":"<p>Westfalia Anh\u00e4nger T\u00fcrgriff rechteckige Dichtung.<\/p>\n","protected":false},"featured_media":22002,"template":"","meta":[],"product_cat":[814,729,779,695,698,696,697,689,690,688],"product_tag":[],"_links":{"self":[{"href":"https:\/\/westys.nl\/de\/wp-json\/wp\/v2\/product\/26122"}],"collection":[{"href":"https:\/\/westys.nl\/de\/wp-json\/wp\/v2\/product"}],"about":[{"href":"https:\/\/westys.nl\/de\/wp-json\/wp\/v2\/types\/product"}],"version-history":[{"count":1,"href":"https:\/\/westys.nl\/de\/wp-json\/wp\/v2\/product\/26122\/revisions"}],"predecessor-version":[{"id":26173,"href":"https:\/\/westys.nl\/de\/wp-json\/wp\/v2\/product\/26122\/revisions\/26173"}],"wp:featuredmedia":[{"embeddable":true,"href":"https:\/\/westys.nl\/de\/wp-json\/wp\/v2\/media\/22002"}],"wp:attachment":[{"href":"https:\/\/westys.nl\/de\/wp-json\/wp\/v2\/media?parent=26122"}],"wp:term":[{"taxonomy":"product_cat","embeddable":true,"href":"https:\/\/westys.nl\/de\/wp-json\/wp\/v2\/product_cat?post=26122"},{"taxonomy":"product_tag","embeddable":true,"href":"https:\/\/westys.nl\/de\/wp-json\/wp\/v2\/product_tag?post=26122"}],"curies":[{"name":"wp","href":"https:\/\/api.w.org\/{rel}","templated":true}]}}