{"id":26142,"date":"2021-09-28T11:55:05","date_gmt":"2021-09-28T11:55:05","guid":{"rendered":"https:\/\/westys.nl\/product\/oldtimer-westfalia-anhaenger-tuergriff-rechteckig-innen\/"},"modified":"2023-10-03T12:34:46","modified_gmt":"2023-10-03T12:34:46","slug":"oldtimer-westfalia-anhaenger-tuerknopf-rechts-gewinkelt-innen","status":"publish","type":"product","link":"https:\/\/westys.nl\/de\/product\/oldtimer-westfalia-anhaenger-tuerknopf-rechts-gewinkelt-innen\/","title":{"rendered":"Oldtimer Westfalia Anh\u00e4nger T\u00fcrgriff rechteckig innen"},"content":{"rendered":"<p>Westfalia Anh\u00e4nger T\u00fcrgriff rechteckig innen.<\/p>\n<p>Der T\u00fcrgriff wird ohne Befestigungsmaterial geliefert.<\/p>\n<p>&nbsp;<\/p>\n","protected":false},"excerpt":{"rendered":"<p>Westfalia Anh\u00e4nger T\u00fcrgriff rechteckig innen. Der T\u00fcrgriff wird ohne Befestigungsmaterial geliefert. &nbsp;<\/p>\n","protected":false},"featured_media":22005,"template":"","meta":[],"product_cat":[814,779,695,698,696,697,689,690,688],"product_tag":[],"_links":{"self":[{"href":"https:\/\/westys.nl\/de\/wp-json\/wp\/v2\/product\/26142"}],"collection":[{"href":"https:\/\/westys.nl\/de\/wp-json\/wp\/v2\/product"}],"about":[{"href":"https:\/\/westys.nl\/de\/wp-json\/wp\/v2\/types\/product"}],"version-history":[{"count":1,"href":"https:\/\/westys.nl\/de\/wp-json\/wp\/v2\/product\/26142\/revisions"}],"predecessor-version":[{"id":26175,"href":"https:\/\/westys.nl\/de\/wp-json\/wp\/v2\/product\/26142\/revisions\/26175"}],"wp:featuredmedia":[{"embeddable":true,"href":"https:\/\/westys.nl\/de\/wp-json\/wp\/v2\/media\/22005"}],"wp:attachment":[{"href":"https:\/\/westys.nl\/de\/wp-json\/wp\/v2\/media?parent=26142"}],"wp:term":[{"taxonomy":"product_cat","embeddable":true,"href":"https:\/\/westys.nl\/de\/wp-json\/wp\/v2\/product_cat?post=26142"},{"taxonomy":"product_tag","embeddable":true,"href":"https:\/\/westys.nl\/de\/wp-json\/wp\/v2\/product_tag?post=26142"}],"curies":[{"name":"wp","href":"https:\/\/api.w.org\/{rel}","templated":true}]}}