{"id":26159,"date":"2021-09-28T11:37:44","date_gmt":"2021-09-28T11:37:44","guid":{"rendered":"https:\/\/westys.nl\/product\/oldtimer-westfalia-anhaenger-tuergriff-rechteckig-aussen\/"},"modified":"2021-09-28T11:37:44","modified_gmt":"2021-09-28T11:37:44","slug":"oldtimer-westfalia-anhangertur-rechts-gewinkelt-ausen","status":"publish","type":"product","link":"https:\/\/westys.nl\/de\/product\/oldtimer-westfalia-anhangertur-rechts-gewinkelt-ausen\/","title":{"rendered":"Oldtimer Westfalia Anh\u00e4nger T\u00fcrgriff rechteckig au\u00dfen"},"content":{"rendered":"<p>Westfalia Anh\u00e4nger T\u00fcrgriff rechteckig au\u00dfen.<\/p>\n<p>Wird mit 1 oder 2 Schl\u00fcsseln geliefert.<\/p>\n<p>Der T\u00fcrgriff wird ohne Dichtung und Befestigungsmaterial geliefert.<\/p>\n","protected":false},"excerpt":{"rendered":"<p>Westfalia Anh\u00e4nger T\u00fcrgriff rechteckig au\u00dfen. Wird mit 1 oder 2 Schl\u00fcsseln geliefert. Der T\u00fcrgriff wird ohne Dichtung und Befestigungsmaterial geliefert.<\/p>\n","protected":false},"featured_media":22008,"template":"","meta":[],"product_cat":[814,779,695,698,696,697,689,690,688],"product_tag":[],"_links":{"self":[{"href":"https:\/\/westys.nl\/de\/wp-json\/wp\/v2\/product\/26159"}],"collection":[{"href":"https:\/\/westys.nl\/de\/wp-json\/wp\/v2\/product"}],"about":[{"href":"https:\/\/westys.nl\/de\/wp-json\/wp\/v2\/types\/product"}],"version-history":[{"count":0,"href":"https:\/\/westys.nl\/de\/wp-json\/wp\/v2\/product\/26159\/revisions"}],"wp:featuredmedia":[{"embeddable":true,"href":"https:\/\/westys.nl\/de\/wp-json\/wp\/v2\/media\/22008"}],"wp:attachment":[{"href":"https:\/\/westys.nl\/de\/wp-json\/wp\/v2\/media?parent=26159"}],"wp:term":[{"taxonomy":"product_cat","embeddable":true,"href":"https:\/\/westys.nl\/de\/wp-json\/wp\/v2\/product_cat?post=26159"},{"taxonomy":"product_tag","embeddable":true,"href":"https:\/\/westys.nl\/de\/wp-json\/wp\/v2\/product_tag?post=26159"}],"curies":[{"name":"wp","href":"https:\/\/api.w.org\/{rel}","templated":true}]}}