{"id":26162,"date":"2021-10-04T13:29:37","date_gmt":"2021-10-04T13:29:37","guid":{"rendered":"https:\/\/westys.nl\/product\/oldtimer-westfalia-anhaenger-k13319-schraube-2-fuer-ruecklicht\/"},"modified":"2021-10-04T13:29:37","modified_gmt":"2021-10-04T13:29:37","slug":"oldtimer-westfalia-anhaenger-k13319-schraube-2-t-b-v-ruecklicht-kopie","status":"publish","type":"product","link":"https:\/\/westys.nl\/de\/product\/oldtimer-westfalia-anhaenger-k13319-schraube-2-t-b-v-ruecklicht-kopie\/","title":{"rendered":"Oldtimer Westfalia Anh\u00e4nger K13319 Schraube 2 f\u00fcr R\u00fccklicht"},"content":{"rendered":"<p>Die Westfalia k13319 Schraube 2 f\u00fcr R\u00fccklicht. Diese Schraube ist neu und dient zur Befestigung des Metallgeh\u00e4uses an der Anh\u00e4ngerkarosserie.<\/p>\n","protected":false},"excerpt":{"rendered":"<p>Die Westfalia k13319 Schraube 2 f\u00fcr R\u00fccklicht. Diese Schraube ist neu und dient zur Befestigung des Metallgeh\u00e4uses an der Anh\u00e4ngerkarosserie.<\/p>\n","protected":false},"featured_media":22044,"template":"","meta":[],"product_cat":[794,692,695,693,698,703,686,687,896,696,706,702,707,699,705,701,694,700,691,697,689,728,690,704,688],"product_tag":[],"_links":{"self":[{"href":"https:\/\/westys.nl\/de\/wp-json\/wp\/v2\/product\/26162"}],"collection":[{"href":"https:\/\/westys.nl\/de\/wp-json\/wp\/v2\/product"}],"about":[{"href":"https:\/\/westys.nl\/de\/wp-json\/wp\/v2\/types\/product"}],"version-history":[{"count":0,"href":"https:\/\/westys.nl\/de\/wp-json\/wp\/v2\/product\/26162\/revisions"}],"wp:featuredmedia":[{"embeddable":true,"href":"https:\/\/westys.nl\/de\/wp-json\/wp\/v2\/media\/22044"}],"wp:attachment":[{"href":"https:\/\/westys.nl\/de\/wp-json\/wp\/v2\/media?parent=26162"}],"wp:term":[{"taxonomy":"product_cat","embeddable":true,"href":"https:\/\/westys.nl\/de\/wp-json\/wp\/v2\/product_cat?post=26162"},{"taxonomy":"product_tag","embeddable":true,"href":"https:\/\/westys.nl\/de\/wp-json\/wp\/v2\/product_tag?post=26162"}],"curies":[{"name":"wp","href":"https:\/\/api.w.org\/{rel}","templated":true}]}}