{"id":26166,"date":"2021-07-13T13:56:13","date_gmt":"2021-07-13T13:56:13","guid":{"rendered":"https:\/\/westys.nl\/product\/oldtimer-westfalia-anhaenger-radmutter-gross-gebraucht\/"},"modified":"2023-10-03T12:34:47","modified_gmt":"2023-10-03T12:34:47","slug":"oldtimer-westfalia-anhanger-radmuttern-gros-gebraucht","status":"publish","type":"product","link":"https:\/\/westys.nl\/de\/product\/oldtimer-westfalia-anhanger-radmuttern-gros-gebraucht\/","title":{"rendered":"Oldtimer Westfalia Anh\u00e4nger Radmutter gro\u00df (gebraucht)"},"content":{"rendered":"<p>Die Westfalia Radmutter gro\u00df ist ein Originalprodukt und wird in Wohnwagen und Anh\u00e4ngern verwendet. Diese Mutter wurde bereits verwendet. Das bedeutet, dass es leichte Gebrauchsspuren wie Rost, Kratzer, Farbe usw. aufweisen kann.<\/p>\n<p>Pr\u00fcfen Sie sorgf\u00e4ltig, ob es sich um das richtige Produkt handelt. Im Zweifelsfall schicken Sie einfach eine E-Mail.<\/p>\n<p>&nbsp;<\/p>\n","protected":false},"excerpt":{"rendered":"<p>Die Westfalia Radmutter gro\u00df ist ein Originalprodukt und wird in Wohnwagen und Anh\u00e4ngern verwendet. Diese Mutter wurde bereits verwendet. Das bedeutet, dass es leichte Gebrauchsspuren wie Rost, Kratzer, Farbe usw. aufweisen kann. Pr\u00fcfen Sie sorgf\u00e4ltig, ob es sich um das richtige Produkt handelt. Im Zweifelsfall schicken Sie einfach eine E-Mail. &nbsp;<\/p>\n","protected":false},"featured_media":21966,"template":"","meta":[],"product_cat":[756,692,695,776,693,698,703,686,687,896,696,706,702,707,699,705,777,701,694,700,691,697,689,728,690,704,688],"product_tag":[],"_links":{"self":[{"href":"https:\/\/westys.nl\/de\/wp-json\/wp\/v2\/product\/26166"}],"collection":[{"href":"https:\/\/westys.nl\/de\/wp-json\/wp\/v2\/product"}],"about":[{"href":"https:\/\/westys.nl\/de\/wp-json\/wp\/v2\/types\/product"}],"version-history":[{"count":1,"href":"https:\/\/westys.nl\/de\/wp-json\/wp\/v2\/product\/26166\/revisions"}],"predecessor-version":[{"id":26177,"href":"https:\/\/westys.nl\/de\/wp-json\/wp\/v2\/product\/26166\/revisions\/26177"}],"wp:featuredmedia":[{"embeddable":true,"href":"https:\/\/westys.nl\/de\/wp-json\/wp\/v2\/media\/21966"}],"wp:attachment":[{"href":"https:\/\/westys.nl\/de\/wp-json\/wp\/v2\/media?parent=26166"}],"wp:term":[{"taxonomy":"product_cat","embeddable":true,"href":"https:\/\/westys.nl\/de\/wp-json\/wp\/v2\/product_cat?post=26166"},{"taxonomy":"product_tag","embeddable":true,"href":"https:\/\/westys.nl\/de\/wp-json\/wp\/v2\/product_tag?post=26166"}],"curies":[{"name":"wp","href":"https:\/\/api.w.org\/{rel}","templated":true}]}}