{"id":26195,"date":"2021-07-08T12:46:27","date_gmt":"2021-07-08T12:46:27","guid":{"rendered":"https:\/\/westys.nl\/product\/oldtimer-westfalia-anhaenger-k13319-schraube-1-fuer-ruecklicht\/"},"modified":"2021-07-08T12:46:27","modified_gmt":"2021-07-08T12:46:27","slug":"oldtimer-westfalia-auflieger-k13319-schraube-1-t-b-v-ruckleuchte","status":"publish","type":"product","link":"https:\/\/westys.nl\/de\/product\/oldtimer-westfalia-auflieger-k13319-schraube-1-t-b-v-ruckleuchte\/","title":{"rendered":"Oldtimer Westfalia Anh\u00e4nger K13319 Schraube 1 f\u00fcr R\u00fccklicht"},"content":{"rendered":"<p>Westfalia k13319 Schraube 1 f\u00fcr R\u00fccklicht. Diese Schraube ist neu und wird zur Befestigung der Chromscheibe an der Anh\u00e4ngerkarosserie verwendet.<\/p>\n","protected":false},"excerpt":{"rendered":"<p>Westfalia k13319 Schraube 1 f\u00fcr R\u00fccklicht. Diese Schraube ist neu und wird zur Befestigung der Chromscheibe an der Anh\u00e4ngerkarosserie verwendet.<\/p>\n","protected":false},"featured_media":22041,"template":"","meta":[],"product_cat":[794,692,695,693,698,703,686,687,896,696,706,702,707,699,705,777,701,694,700,691,697,689,728,690,704,688],"product_tag":[],"_links":{"self":[{"href":"https:\/\/westys.nl\/de\/wp-json\/wp\/v2\/product\/26195"}],"collection":[{"href":"https:\/\/westys.nl\/de\/wp-json\/wp\/v2\/product"}],"about":[{"href":"https:\/\/westys.nl\/de\/wp-json\/wp\/v2\/types\/product"}],"version-history":[{"count":0,"href":"https:\/\/westys.nl\/de\/wp-json\/wp\/v2\/product\/26195\/revisions"}],"wp:featuredmedia":[{"embeddable":true,"href":"https:\/\/westys.nl\/de\/wp-json\/wp\/v2\/media\/22041"}],"wp:attachment":[{"href":"https:\/\/westys.nl\/de\/wp-json\/wp\/v2\/media?parent=26195"}],"wp:term":[{"taxonomy":"product_cat","embeddable":true,"href":"https:\/\/westys.nl\/de\/wp-json\/wp\/v2\/product_cat?post=26195"},{"taxonomy":"product_tag","embeddable":true,"href":"https:\/\/westys.nl\/de\/wp-json\/wp\/v2\/product_tag?post=26195"}],"curies":[{"name":"wp","href":"https:\/\/api.w.org\/{rel}","templated":true}]}}