{"id":26210,"date":"2021-06-13T09:53:20","date_gmt":"2021-06-13T09:53:20","guid":{"rendered":"https:\/\/westys.nl\/product\/oldtimer-westfalia-anhaenger-essen-dachtraegerbefestigungsbolzensatz\/"},"modified":"2021-06-13T09:53:20","modified_gmt":"2021-06-13T09:53:20","slug":"oldtimer-westfalia-anhanger-essen-dachgepacktrager-befestigungsbolzen-set","status":"publish","type":"product","link":"https:\/\/westys.nl\/de\/product\/oldtimer-westfalia-anhanger-essen-dachgepacktrager-befestigungsbolzen-set\/","title":{"rendered":"Oldtimer Westfalia Anh\u00e4nger Essen Dachtr\u00e4gerbefestigungsbolzensatz"},"content":{"rendered":"<p>Westfalia Essen Dachtr\u00e4gerbefestigungsbolzensatz bestehend aus 8 St\u00fcck. Dient zur Befestigung einer Dachtr\u00e4gerhalterung am Deckel.<\/p>\n<p>Diese sind auch separat erh\u00e4ltlich.<\/p>\n","protected":false},"excerpt":{"rendered":"<p>Westfalia Essen Dachtr\u00e4gerbefestigungsbolzensatz bestehend aus 8 St\u00fcck. Dient zur Befestigung einer Dachtr\u00e4gerhalterung am Deckel. Diese sind auch separat erh\u00e4ltlich.<\/p>\n","protected":false},"featured_media":21861,"template":"","meta":[],"product_cat":[940,943,929,758,778],"product_tag":[],"_links":{"self":[{"href":"https:\/\/westys.nl\/de\/wp-json\/wp\/v2\/product\/26210"}],"collection":[{"href":"https:\/\/westys.nl\/de\/wp-json\/wp\/v2\/product"}],"about":[{"href":"https:\/\/westys.nl\/de\/wp-json\/wp\/v2\/types\/product"}],"version-history":[{"count":0,"href":"https:\/\/westys.nl\/de\/wp-json\/wp\/v2\/product\/26210\/revisions"}],"wp:featuredmedia":[{"embeddable":true,"href":"https:\/\/westys.nl\/de\/wp-json\/wp\/v2\/media\/21861"}],"wp:attachment":[{"href":"https:\/\/westys.nl\/de\/wp-json\/wp\/v2\/media?parent=26210"}],"wp:term":[{"taxonomy":"product_cat","embeddable":true,"href":"https:\/\/westys.nl\/de\/wp-json\/wp\/v2\/product_cat?post=26210"},{"taxonomy":"product_tag","embeddable":true,"href":"https:\/\/westys.nl\/de\/wp-json\/wp\/v2\/product_tag?post=26210"}],"curies":[{"name":"wp","href":"https:\/\/api.w.org\/{rel}","templated":true}]}}