{"id":26211,"date":"2021-03-17T08:23:33","date_gmt":"2021-03-17T08:23:33","guid":{"rendered":"https:\/\/westys.nl\/product\/oldtimer-westfalia-anhaengeraufhaengung-typ-2-rechts-gebraucht\/"},"modified":"2021-03-17T08:23:33","modified_gmt":"2021-03-17T08:23:33","slug":"oldtimer-westfalia-anhaenger-radaufhaengung-altes-modell-rechts-gebraucht","status":"publish","type":"product","link":"https:\/\/westys.nl\/de\/product\/oldtimer-westfalia-anhaenger-radaufhaengung-altes-modell-rechts-gebraucht\/","title":{"rendered":"Oldtimer Westfalia Anh\u00e4ngeraufh\u00e4ngung Typ 2 rechts (gebraucht)"},"content":{"rendered":"<p>Die Westfalia Radaufh\u00e4ngung altes Modell rechts ist ein originales Gebrauchtteil. Das bedeutet, dass es eine leichte Form von Kratzern, Rost, Farbe und anderen Gebrauchsspuren aufweisen kann. Die Aufh\u00e4ngung kann in Bezug auf Farbe und Gebrauchsspuren vom Foto abweichen.<\/p>\n<p><strong>Achtung!<\/strong>  Dieses Teil hat eine andere Position der Cellasto-Feder und ist f\u00fcr das alte Westfalia-Anh\u00e4ngermodell bestimmt.<\/p>\n<p><strong>Achtung!<\/strong>  Die Aufh\u00e4ngung ist von der Achse abgeschliffen. Diese m\u00fcssen in den meisten F\u00e4llen noch ausgepresst werden. Das Risiko hierf\u00fcr liegt beim K\u00e4ufer.<\/p>\n<p>Die Version f\u00fcr die linke Hand ist ebenfalls im Webshop erh\u00e4ltlich.<\/p>\n","protected":false},"excerpt":{"rendered":"<p>Die Westfalia Radaufh\u00e4ngung altes Modell rechts ist ein originales Gebrauchtteil. Das bedeutet, dass es eine leichte Form von Kratzern, Rost, Farbe und anderen Gebrauchsspuren aufweisen kann. Die Aufh\u00e4ngung kann in Bezug auf Farbe und Gebrauchsspuren vom Foto abweichen. Achtung! Dieses Teil hat eine andere Position der Cellasto-Feder und ist f\u00fcr das alte Westfalia-Anh\u00e4ngermodell bestimmt. Achtung! [&hellip;]<\/p>\n","protected":false},"featured_media":21912,"template":"","meta":[],"product_cat":[778,795],"product_tag":[],"_links":{"self":[{"href":"https:\/\/westys.nl\/de\/wp-json\/wp\/v2\/product\/26211"}],"collection":[{"href":"https:\/\/westys.nl\/de\/wp-json\/wp\/v2\/product"}],"about":[{"href":"https:\/\/westys.nl\/de\/wp-json\/wp\/v2\/types\/product"}],"version-history":[{"count":0,"href":"https:\/\/westys.nl\/de\/wp-json\/wp\/v2\/product\/26211\/revisions"}],"wp:featuredmedia":[{"embeddable":true,"href":"https:\/\/westys.nl\/de\/wp-json\/wp\/v2\/media\/21912"}],"wp:attachment":[{"href":"https:\/\/westys.nl\/de\/wp-json\/wp\/v2\/media?parent=26211"}],"wp:term":[{"taxonomy":"product_cat","embeddable":true,"href":"https:\/\/westys.nl\/de\/wp-json\/wp\/v2\/product_cat?post=26211"},{"taxonomy":"product_tag","embeddable":true,"href":"https:\/\/westys.nl\/de\/wp-json\/wp\/v2\/product_tag?post=26211"}],"curies":[{"name":"wp","href":"https:\/\/api.w.org\/{rel}","templated":true}]}}