{"id":26215,"date":"2021-04-18T11:52:04","date_gmt":"2021-04-18T11:52:04","guid":{"rendered":"https:\/\/westys.nl\/product\/oldtimer-westfalia-anhaenger-al-ko-safety-ball-diebstahlsicherung\/"},"modified":"2021-04-18T11:52:04","modified_gmt":"2021-04-18T11:52:04","slug":"oldtimer-westfalia-auflieger-al-ko-sicherheitskugel-diebstahlsicherung","status":"publish","type":"product","link":"https:\/\/westys.nl\/de\/product\/oldtimer-westfalia-auflieger-al-ko-sicherheitskugel-diebstahlsicherung\/","title":{"rendered":"Oldtimer Westfalia Anh\u00e4nger AL-KO Safety Ball Diebstahlsicherung"},"content":{"rendered":"<p>Oldtimer Westfalia Anh\u00e4nger AL-KO Safety Ball Diebstahlsicherung. Der Al-Ko Safety Ball ist eine Erg\u00e4nzung zu den \u00fcblichen Diebstahlsicherungen f\u00fcr Anh\u00e4ngerkupplungen, speziell f\u00fcr den Fall, dass der Anh\u00e4nger lose abgestellt ist. Nach dem Verriegeln der Kupplung mit einem Schloss oder einer anderen Diebstahlsicherung ist der Safety Ball gegen schnelles Entfernen gesichert.<\/p>\n<p>&nbsp;<\/p>\n","protected":false},"excerpt":{"rendered":"<p>Oldtimer Westfalia Anh\u00e4nger AL-KO Safety Ball Diebstahlsicherung. Der Al-Ko Safety Ball ist eine Erg\u00e4nzung zu den \u00fcblichen Diebstahlsicherungen f\u00fcr Anh\u00e4ngerkupplungen, speziell f\u00fcr den Fall, dass der Anh\u00e4nger lose abgestellt ist. Nach dem Verriegeln der Kupplung mit einem Schloss oder einer anderen Diebstahlsicherung ist der Safety Ball gegen schnelles Entfernen gesichert. &nbsp;<\/p>\n","protected":false},"featured_media":21840,"template":"","meta":[],"product_cat":[794,790,758,692,695,776,693,698,703,778,686,687,896,795,696,706,702,707,699,705,777,701,694,700,691,697,689,728,690,704,688],"product_tag":[],"_links":{"self":[{"href":"https:\/\/westys.nl\/de\/wp-json\/wp\/v2\/product\/26215"}],"collection":[{"href":"https:\/\/westys.nl\/de\/wp-json\/wp\/v2\/product"}],"about":[{"href":"https:\/\/westys.nl\/de\/wp-json\/wp\/v2\/types\/product"}],"version-history":[{"count":0,"href":"https:\/\/westys.nl\/de\/wp-json\/wp\/v2\/product\/26215\/revisions"}],"wp:featuredmedia":[{"embeddable":true,"href":"https:\/\/westys.nl\/de\/wp-json\/wp\/v2\/media\/21840"}],"wp:attachment":[{"href":"https:\/\/westys.nl\/de\/wp-json\/wp\/v2\/media?parent=26215"}],"wp:term":[{"taxonomy":"product_cat","embeddable":true,"href":"https:\/\/westys.nl\/de\/wp-json\/wp\/v2\/product_cat?post=26215"},{"taxonomy":"product_tag","embeddable":true,"href":"https:\/\/westys.nl\/de\/wp-json\/wp\/v2\/product_tag?post=26215"}],"curies":[{"name":"wp","href":"https:\/\/api.w.org\/{rel}","templated":true}]}}