{"id":26229,"date":"2020-10-21T10:27:02","date_gmt":"2020-10-21T10:27:02","guid":{"rendered":"https:\/\/westys.nl\/product\/oldtimer-westfalia-anhaengeraufhaengung-typ-1-rechts-gebraucht\/"},"modified":"2020-10-21T10:27:02","modified_gmt":"2020-10-21T10:27:02","slug":"oldtimer-westfalen-anhanger-esche-aufhangung-rechts-gebraucht","status":"publish","type":"product","link":"https:\/\/westys.nl\/de\/product\/oldtimer-westfalen-anhanger-esche-aufhangung-rechts-gebraucht\/","title":{"rendered":"Oldtimer Westfalia Anh\u00e4ngeraufh\u00e4ngung Typ 1 rechts (Gebraucht)"},"content":{"rendered":"<p>Das Westfalia Fahrwerk Jungmodell rechts ist ein originales Gebrauchtteil. Das bedeutet, dass es eine leichte Form von Kratzern, Rost, Farbe und anderen Gebrauchsspuren aufweisen kann. Die Aufh\u00e4ngung kann in Bezug auf Farbe und Gebrauchsspuren vom Foto abweichen.<\/p>\n<p><strong>Achtung!<\/strong>  Die Aufh\u00e4ngung ist von der Achse abgeschliffen. Diese m\u00fcssen in den meisten F\u00e4llen noch ausgepresst werden. Das Risiko hierf\u00fcr liegt beim K\u00e4ufer.<\/p>\n<p>Die Version f\u00fcr die linke Hand ist ebenfalls im Webshop erh\u00e4ltlich.<\/p>\n","protected":false},"excerpt":{"rendered":"<p>Das Westfalia Fahrwerk Jungmodell rechts ist ein originales Gebrauchtteil. Das bedeutet, dass es eine leichte Form von Kratzern, Rost, Farbe und anderen Gebrauchsspuren aufweisen kann. Die Aufh\u00e4ngung kann in Bezug auf Farbe und Gebrauchsspuren vom Foto abweichen. Achtung! Die Aufh\u00e4ngung ist von der Achse abgeschliffen. Diese m\u00fcssen in den meisten F\u00e4llen noch ausgepresst werden. Das [&hellip;]<\/p>\n","protected":false},"featured_media":21765,"template":"","meta":[],"product_cat":[778,795],"product_tag":[],"_links":{"self":[{"href":"https:\/\/westys.nl\/de\/wp-json\/wp\/v2\/product\/26229"}],"collection":[{"href":"https:\/\/westys.nl\/de\/wp-json\/wp\/v2\/product"}],"about":[{"href":"https:\/\/westys.nl\/de\/wp-json\/wp\/v2\/types\/product"}],"version-history":[{"count":0,"href":"https:\/\/westys.nl\/de\/wp-json\/wp\/v2\/product\/26229\/revisions"}],"wp:featuredmedia":[{"embeddable":true,"href":"https:\/\/westys.nl\/de\/wp-json\/wp\/v2\/media\/21765"}],"wp:attachment":[{"href":"https:\/\/westys.nl\/de\/wp-json\/wp\/v2\/media?parent=26229"}],"wp:term":[{"taxonomy":"product_cat","embeddable":true,"href":"https:\/\/westys.nl\/de\/wp-json\/wp\/v2\/product_cat?post=26229"},{"taxonomy":"product_tag","embeddable":true,"href":"https:\/\/westys.nl\/de\/wp-json\/wp\/v2\/product_tag?post=26229"}],"curies":[{"name":"wp","href":"https:\/\/api.w.org\/{rel}","templated":true}]}}