{"id":26232,"date":"2020-10-22T07:06:02","date_gmt":"2020-10-22T07:06:02","guid":{"rendered":"https:\/\/westys.nl\/product\/oldtimer-westfalia-anhaenger-400-x-8-zoll-radaufhaengungsset\/"},"modified":"2020-10-22T07:06:02","modified_gmt":"2020-10-22T07:06:02","slug":"oldtimer-westfalen-anhanger-essen-4-00-x-8-zoll-radmontage-kit","status":"publish","type":"product","link":"https:\/\/westys.nl\/de\/product\/oldtimer-westfalen-anhanger-essen-4-00-x-8-zoll-radmontage-kit\/","title":{"rendered":"Oldtimer Westfalia Anh\u00e4nger 4,00 x 8 Zoll Radaufh\u00e4ngungsset"},"content":{"rendered":"<p>Westfalia Radmontage-Set. Damit wird das Rad an der Aufh\u00e4ngung befestigt.<\/p>\n","protected":false},"excerpt":{"rendered":"<p>Westfalia Radmontage-Set. Damit wird das Rad an der Aufh\u00e4ngung befestigt.<\/p>\n","protected":false},"featured_media":21879,"template":"","meta":[],"product_cat":[929,756,778,795],"product_tag":[],"_links":{"self":[{"href":"https:\/\/westys.nl\/de\/wp-json\/wp\/v2\/product\/26232"}],"collection":[{"href":"https:\/\/westys.nl\/de\/wp-json\/wp\/v2\/product"}],"about":[{"href":"https:\/\/westys.nl\/de\/wp-json\/wp\/v2\/types\/product"}],"version-history":[{"count":0,"href":"https:\/\/westys.nl\/de\/wp-json\/wp\/v2\/product\/26232\/revisions"}],"wp:featuredmedia":[{"embeddable":true,"href":"https:\/\/westys.nl\/de\/wp-json\/wp\/v2\/media\/21879"}],"wp:attachment":[{"href":"https:\/\/westys.nl\/de\/wp-json\/wp\/v2\/media?parent=26232"}],"wp:term":[{"taxonomy":"product_cat","embeddable":true,"href":"https:\/\/westys.nl\/de\/wp-json\/wp\/v2\/product_cat?post=26232"},{"taxonomy":"product_tag","embeddable":true,"href":"https:\/\/westys.nl\/de\/wp-json\/wp\/v2\/product_tag?post=26232"}],"curies":[{"name":"wp","href":"https:\/\/api.w.org\/{rel}","templated":true}]}}