{"id":26241,"date":"2020-09-25T12:53:22","date_gmt":"2020-09-25T12:53:22","guid":{"rendered":"https:\/\/westys.nl\/product\/oldtimer-westfalia-anhaenger-kotfluegel-kunststoff\/"},"modified":"2020-09-25T12:53:22","modified_gmt":"2020-09-25T12:53:22","slug":"oldtimer-westfalen-anhanger-esche-kotflugel-kunststoff","status":"publish","type":"product","link":"https:\/\/westys.nl\/de\/product\/oldtimer-westfalen-anhanger-esche-kotflugel-kunststoff\/","title":{"rendered":"Oldtimer Westfalia Anh\u00e4nger Kotfl\u00fcgel Kunststoff"},"content":{"rendered":"<p>Bei dem Westfalia Kotfl\u00fcgel Kunststoff handelt es sich um eine Nachbildung. Dieses Teil besteht aus Polyester und hat eine glatte Au\u00dfenseite. Das Innere ist etwas rauer. Die Kotfl\u00fcgel sind serienm\u00e4\u00dfig hellgrau und f\u00fcr die Lackierung in der gew\u00fcnschten Farbe geeignet. Die Position der L\u00f6cher entspricht dem Original.<\/p>\n","protected":false},"excerpt":{"rendered":"<p>Bei dem Westfalia Kotfl\u00fcgel Kunststoff handelt es sich um eine Nachbildung. Dieses Teil besteht aus Polyester und hat eine glatte Au\u00dfenseite. Das Innere ist etwas rauer. Die Kotfl\u00fcgel sind serienm\u00e4\u00dfig hellgrau und f\u00fcr die Lackierung in der gew\u00fcnschten Farbe geeignet. Die Position der L\u00f6cher entspricht dem Original.<\/p>\n","protected":false},"featured_media":21768,"template":"","meta":[],"product_cat":[786,778,795],"product_tag":[],"_links":{"self":[{"href":"https:\/\/westys.nl\/de\/wp-json\/wp\/v2\/product\/26241"}],"collection":[{"href":"https:\/\/westys.nl\/de\/wp-json\/wp\/v2\/product"}],"about":[{"href":"https:\/\/westys.nl\/de\/wp-json\/wp\/v2\/types\/product"}],"version-history":[{"count":0,"href":"https:\/\/westys.nl\/de\/wp-json\/wp\/v2\/product\/26241\/revisions"}],"wp:featuredmedia":[{"embeddable":true,"href":"https:\/\/westys.nl\/de\/wp-json\/wp\/v2\/media\/21768"}],"wp:attachment":[{"href":"https:\/\/westys.nl\/de\/wp-json\/wp\/v2\/media?parent=26241"}],"wp:term":[{"taxonomy":"product_cat","embeddable":true,"href":"https:\/\/westys.nl\/de\/wp-json\/wp\/v2\/product_cat?post=26241"},{"taxonomy":"product_tag","embeddable":true,"href":"https:\/\/westys.nl\/de\/wp-json\/wp\/v2\/product_tag?post=26241"}],"curies":[{"name":"wp","href":"https:\/\/api.w.org\/{rel}","templated":true}]}}