{"id":26246,"date":"2020-10-21T07:31:27","date_gmt":"2020-10-21T07:31:27","guid":{"rendered":"https:\/\/westys.nl\/product\/oldtimer-westfalia-anhaenger-kotfluegel-kunststoff-gebraucht\/"},"modified":"2020-10-21T07:31:27","modified_gmt":"2020-10-21T07:31:27","slug":"oldtimer-westfalen-anhanger-esche-kotflugel-kunststoff-gebraucht","status":"publish","type":"product","link":"https:\/\/westys.nl\/de\/product\/oldtimer-westfalen-anhanger-esche-kotflugel-kunststoff-gebraucht\/","title":{"rendered":"Oldtimer Westfalia Anh\u00e4nger Kotfl\u00fcgel Kunststoff (Gebraucht)"},"content":{"rendered":"<p>Westfalia Kotfl\u00fcgel Kunststoff ist ein originales Gebrauchtteil. Dies bedeutet, dass es irgendeine Form von Kratzern, abgebrochenen Kanten, Rissen, Farbe und anderen Gebrauchsspuren aufweisen kann. Die Kotfl\u00fcgel k\u00f6nnen in Bezug auf Farbe und Gebrauchsspuren vom Foto abweichen.<\/p>\n<p>Wenn Sie sicher sein wollen, was Sie bekommen, fragen Sie im Voraus nach Fotos.<\/p>\n","protected":false},"excerpt":{"rendered":"<p>Westfalia Kotfl\u00fcgel Kunststoff ist ein originales Gebrauchtteil. Dies bedeutet, dass es irgendeine Form von Kratzern, abgebrochenen Kanten, Rissen, Farbe und anderen Gebrauchsspuren aufweisen kann. Die Kotfl\u00fcgel k\u00f6nnen in Bezug auf Farbe und Gebrauchsspuren vom Foto abweichen. Wenn Sie sicher sein wollen, was Sie bekommen, fragen Sie im Voraus nach Fotos.<\/p>\n","protected":false},"featured_media":21771,"template":"","meta":[],"product_cat":[786,778,795],"product_tag":[],"_links":{"self":[{"href":"https:\/\/westys.nl\/de\/wp-json\/wp\/v2\/product\/26246"}],"collection":[{"href":"https:\/\/westys.nl\/de\/wp-json\/wp\/v2\/product"}],"about":[{"href":"https:\/\/westys.nl\/de\/wp-json\/wp\/v2\/types\/product"}],"version-history":[{"count":0,"href":"https:\/\/westys.nl\/de\/wp-json\/wp\/v2\/product\/26246\/revisions"}],"wp:featuredmedia":[{"embeddable":true,"href":"https:\/\/westys.nl\/de\/wp-json\/wp\/v2\/media\/21771"}],"wp:attachment":[{"href":"https:\/\/westys.nl\/de\/wp-json\/wp\/v2\/media?parent=26246"}],"wp:term":[{"taxonomy":"product_cat","embeddable":true,"href":"https:\/\/westys.nl\/de\/wp-json\/wp\/v2\/product_cat?post=26246"},{"taxonomy":"product_tag","embeddable":true,"href":"https:\/\/westys.nl\/de\/wp-json\/wp\/v2\/product_tag?post=26246"}],"curies":[{"name":"wp","href":"https:\/\/api.w.org\/{rel}","templated":true}]}}