{"id":26264,"date":"2020-08-11T11:36:38","date_gmt":"2020-08-11T11:36:38","guid":{"rendered":"https:\/\/westys.nl\/product\/oldtimer-westfalia-anhaengerscharnierdichtung-4x\/"},"modified":"2020-08-11T11:36:38","modified_gmt":"2020-08-11T11:36:38","slug":"oldtimer-westfalen-anhanger-scharnierdichtung-4x","status":"publish","type":"product","link":"https:\/\/westys.nl\/de\/product\/oldtimer-westfalen-anhanger-scharnierdichtung-4x\/","title":{"rendered":"Oldtimer Westfalia Anh\u00e4ngerscharnierdichtung 4x"},"content":{"rendered":"<p>Westfalia Anh\u00e4ngerscharnierdichtung. Diese Scharnierdichtung kann sowohl bei Anh\u00e4ngern als auch bei Wohnwagen verwendet werden.<br \/>\nDamit die Dichtung gut sitzt, muss sie je nach Scharnier eventuell r\u00fcckseitig leicht weggeschnitten werden. Dies wird von au\u00dfen nicht sichtbar sein.<br \/>\nEs ist auch ratsam, es mit einem Tropfen Klebstoff zu sichern.<\/p>\n<p>Dieses Set besteht aus 4 Teilen.<\/p>\n<p>Die Dichtung ist separat, aber auch in Sets von 4 und 8 St\u00fcck erh\u00e4ltlich.<\/p>\n","protected":false},"excerpt":{"rendered":"<p>Westfalia Anh\u00e4ngerscharnierdichtung. Diese Scharnierdichtung kann sowohl bei Anh\u00e4ngern als auch bei Wohnwagen verwendet werden. Damit die Dichtung gut sitzt, muss sie je nach Scharnier eventuell r\u00fcckseitig leicht weggeschnitten werden. Dies wird von au\u00dfen nicht sichtbar sein. Es ist auch ratsam, es mit einem Tropfen Klebstoff zu sichern. Dieses Set besteht aus 4 Teilen. Die Dichtung [&hellip;]<\/p>\n","protected":false},"featured_media":22215,"template":"","meta":[],"product_cat":[729,695,698,696,700,697,689,690,688],"product_tag":[],"_links":{"self":[{"href":"https:\/\/westys.nl\/de\/wp-json\/wp\/v2\/product\/26264"}],"collection":[{"href":"https:\/\/westys.nl\/de\/wp-json\/wp\/v2\/product"}],"about":[{"href":"https:\/\/westys.nl\/de\/wp-json\/wp\/v2\/types\/product"}],"version-history":[{"count":0,"href":"https:\/\/westys.nl\/de\/wp-json\/wp\/v2\/product\/26264\/revisions"}],"wp:featuredmedia":[{"embeddable":true,"href":"https:\/\/westys.nl\/de\/wp-json\/wp\/v2\/media\/22215"}],"wp:attachment":[{"href":"https:\/\/westys.nl\/de\/wp-json\/wp\/v2\/media?parent=26264"}],"wp:term":[{"taxonomy":"product_cat","embeddable":true,"href":"https:\/\/westys.nl\/de\/wp-json\/wp\/v2\/product_cat?post=26264"},{"taxonomy":"product_tag","embeddable":true,"href":"https:\/\/westys.nl\/de\/wp-json\/wp\/v2\/product_tag?post=26264"}],"curies":[{"name":"wp","href":"https:\/\/api.w.org\/{rel}","templated":true}]}}