{"id":26271,"date":"2020-06-26T07:14:50","date_gmt":"2020-06-26T07:14:50","guid":{"rendered":"https:\/\/westys.nl\/product\/oldtimer-westfalia-anhaenger-hella-ruecklicht-komplett\/"},"modified":"2020-06-26T07:14:50","modified_gmt":"2020-06-26T07:14:50","slug":"oldtimer-westfalen-anhanger-hella-rucklicht-komplett","status":"publish","type":"product","link":"https:\/\/westys.nl\/de\/product\/oldtimer-westfalen-anhanger-hella-rucklicht-komplett\/","title":{"rendered":"Oldtimer Westfalia Anh\u00e4nger Hella R\u00fccklicht komplett"},"content":{"rendered":"<p>Oldtimer Westfalia Anh\u00e4nger Hella R\u00fccklicht komplett. Wird ohne Lampen geliefert.<\/p>\n<p>&nbsp;<\/p>\n","protected":false},"excerpt":{"rendered":"<p>Oldtimer Westfalia Anh\u00e4nger Hella R\u00fccklicht komplett. Wird ohne Lampen geliefert. &nbsp;<\/p>\n","protected":false},"featured_media":21972,"template":"","meta":[],"product_cat":[796,695,698,696,694,697,689,690],"product_tag":[],"_links":{"self":[{"href":"https:\/\/westys.nl\/de\/wp-json\/wp\/v2\/product\/26271"}],"collection":[{"href":"https:\/\/westys.nl\/de\/wp-json\/wp\/v2\/product"}],"about":[{"href":"https:\/\/westys.nl\/de\/wp-json\/wp\/v2\/types\/product"}],"version-history":[{"count":0,"href":"https:\/\/westys.nl\/de\/wp-json\/wp\/v2\/product\/26271\/revisions"}],"wp:featuredmedia":[{"embeddable":true,"href":"https:\/\/westys.nl\/de\/wp-json\/wp\/v2\/media\/21972"}],"wp:attachment":[{"href":"https:\/\/westys.nl\/de\/wp-json\/wp\/v2\/media?parent=26271"}],"wp:term":[{"taxonomy":"product_cat","embeddable":true,"href":"https:\/\/westys.nl\/de\/wp-json\/wp\/v2\/product_cat?post=26271"},{"taxonomy":"product_tag","embeddable":true,"href":"https:\/\/westys.nl\/de\/wp-json\/wp\/v2\/product_tag?post=26271"}],"curies":[{"name":"wp","href":"https:\/\/api.w.org\/{rel}","templated":true}]}}