{"id":26273,"date":"2020-04-11T09:33:21","date_gmt":"2020-04-11T09:33:21","guid":{"rendered":"https:\/\/westys.nl\/product\/oldtimer-westfalia-bestattungsanhaenger-gummi-fuer-zierleisten\/"},"modified":"2020-04-11T09:33:21","modified_gmt":"2020-04-11T09:33:21","slug":"westfalia-bestattungsanhanger-gummi-t-b-v-zierleisten","status":"publish","type":"product","link":"https:\/\/westys.nl\/de\/product\/westfalia-bestattungsanhanger-gummi-t-b-v-zierleisten\/","title":{"rendered":"Oldtimer Westfalia Bestattungsanh\u00e4nger Gummi f\u00fcr Zierleisten"},"content":{"rendered":"<p>Westfalia Bestattungsanh\u00e4nger Gummi f\u00fcr Zierleisten. Der Preis gilt pro Meter.<\/p>\n","protected":false},"excerpt":{"rendered":"<p>Westfalia Bestattungsanh\u00e4nger Gummi f\u00fcr Zierleisten. Der Preis gilt pro Meter.<\/p>\n","protected":false},"featured_media":21012,"template":"","meta":[],"product_cat":[729,695],"product_tag":[],"_links":{"self":[{"href":"https:\/\/westys.nl\/de\/wp-json\/wp\/v2\/product\/26273"}],"collection":[{"href":"https:\/\/westys.nl\/de\/wp-json\/wp\/v2\/product"}],"about":[{"href":"https:\/\/westys.nl\/de\/wp-json\/wp\/v2\/types\/product"}],"version-history":[{"count":0,"href":"https:\/\/westys.nl\/de\/wp-json\/wp\/v2\/product\/26273\/revisions"}],"wp:featuredmedia":[{"embeddable":true,"href":"https:\/\/westys.nl\/de\/wp-json\/wp\/v2\/media\/21012"}],"wp:attachment":[{"href":"https:\/\/westys.nl\/de\/wp-json\/wp\/v2\/media?parent=26273"}],"wp:term":[{"taxonomy":"product_cat","embeddable":true,"href":"https:\/\/westys.nl\/de\/wp-json\/wp\/v2\/product_cat?post=26273"},{"taxonomy":"product_tag","embeddable":true,"href":"https:\/\/westys.nl\/de\/wp-json\/wp\/v2\/product_tag?post=26273"}],"curies":[{"name":"wp","href":"https:\/\/api.w.org\/{rel}","templated":true}]}}