{"id":26274,"date":"2020-07-24T20:40:48","date_gmt":"2020-07-24T20:40:48","guid":{"rendered":"https:\/\/westys.nl\/product\/oldtimer-westfalia-anhaenger-aufkleber-04t\/"},"modified":"2020-07-24T20:40:48","modified_gmt":"2020-07-24T20:40:48","slug":"oldtimer-westfalen-anhanger-04t-aufkleber","status":"publish","type":"product","link":"https:\/\/westys.nl\/de\/product\/oldtimer-westfalen-anhanger-04t-aufkleber\/","title":{"rendered":"Oldtimer Westfalia Anh\u00e4nger Aufkleber 0,4t"},"content":{"rendered":"<p>Der Westfalia 0,4t Aufkleber ist eine Reproduktion. Eine gro\u00dfartige Erg\u00e4nzung f\u00fcr Ihren Anh\u00e4nger.<\/p>\n<p>&nbsp;<\/p>\n","protected":false},"excerpt":{"rendered":"<p>Der Westfalia 0,4t Aufkleber ist eine Reproduktion. Eine gro\u00dfartige Erg\u00e4nzung f\u00fcr Ihren Anh\u00e4nger. &nbsp;<\/p>\n","protected":false},"featured_media":21825,"template":"","meta":[],"product_cat":[803,778,795],"product_tag":[],"_links":{"self":[{"href":"https:\/\/westys.nl\/de\/wp-json\/wp\/v2\/product\/26274"}],"collection":[{"href":"https:\/\/westys.nl\/de\/wp-json\/wp\/v2\/product"}],"about":[{"href":"https:\/\/westys.nl\/de\/wp-json\/wp\/v2\/types\/product"}],"version-history":[{"count":0,"href":"https:\/\/westys.nl\/de\/wp-json\/wp\/v2\/product\/26274\/revisions"}],"wp:featuredmedia":[{"embeddable":true,"href":"https:\/\/westys.nl\/de\/wp-json\/wp\/v2\/media\/21825"}],"wp:attachment":[{"href":"https:\/\/westys.nl\/de\/wp-json\/wp\/v2\/media?parent=26274"}],"wp:term":[{"taxonomy":"product_cat","embeddable":true,"href":"https:\/\/westys.nl\/de\/wp-json\/wp\/v2\/product_cat?post=26274"},{"taxonomy":"product_tag","embeddable":true,"href":"https:\/\/westys.nl\/de\/wp-json\/wp\/v2\/product_tag?post=26274"}],"curies":[{"name":"wp","href":"https:\/\/api.w.org\/{rel}","templated":true}]}}