{"id":26276,"date":"2020-05-17T07:52:15","date_gmt":"2020-05-17T07:52:15","guid":{"rendered":"https:\/\/westys.nl\/product\/oldtimer-westfalia-anhaengerkasten-eckprofil-aussen-gebraucht\/"},"modified":"2020-05-17T07:52:15","modified_gmt":"2020-05-17T07:52:15","slug":"oldtimer-westfalen-esche-anhanger-winkelprofil-aussen-gebraucht","status":"publish","type":"product","link":"https:\/\/westys.nl\/de\/product\/oldtimer-westfalen-esche-anhanger-winkelprofil-aussen-gebraucht\/","title":{"rendered":"Oldtimer Westfalia Anh\u00e4ngerkasten Eckprofil au\u00dfen (gebraucht)"},"content":{"rendered":"<p>Westfalia Essen Anh\u00e4nger-Eckprofil au\u00dfen. Dieses Eckprofil wurde verwendet. Das bedeutet, dass es eine leichte Form von Rost, Kratzern und anderen Gebrauchsspuren aufweisen kann.<\/p>\n","protected":false},"excerpt":{"rendered":"<p>Westfalia Essen Anh\u00e4nger-Eckprofil au\u00dfen. Dieses Eckprofil wurde verwendet. Das bedeutet, dass es eine leichte Form von Rost, Kratzern und anderen Gebrauchsspuren aufweisen kann.<\/p>\n","protected":false},"featured_media":21801,"template":"","meta":[],"product_cat":[793,778],"product_tag":[],"_links":{"self":[{"href":"https:\/\/westys.nl\/de\/wp-json\/wp\/v2\/product\/26276"}],"collection":[{"href":"https:\/\/westys.nl\/de\/wp-json\/wp\/v2\/product"}],"about":[{"href":"https:\/\/westys.nl\/de\/wp-json\/wp\/v2\/types\/product"}],"version-history":[{"count":0,"href":"https:\/\/westys.nl\/de\/wp-json\/wp\/v2\/product\/26276\/revisions"}],"wp:featuredmedia":[{"embeddable":true,"href":"https:\/\/westys.nl\/de\/wp-json\/wp\/v2\/media\/21801"}],"wp:attachment":[{"href":"https:\/\/westys.nl\/de\/wp-json\/wp\/v2\/media?parent=26276"}],"wp:term":[{"taxonomy":"product_cat","embeddable":true,"href":"https:\/\/westys.nl\/de\/wp-json\/wp\/v2\/product_cat?post=26276"},{"taxonomy":"product_tag","embeddable":true,"href":"https:\/\/westys.nl\/de\/wp-json\/wp\/v2\/product_tag?post=26276"}],"curies":[{"name":"wp","href":"https:\/\/api.w.org\/{rel}","templated":true}]}}