{"id":26277,"date":"2020-07-27T10:20:49","date_gmt":"2020-07-27T10:20:49","guid":{"rendered":"https:\/\/westys.nl\/product\/oldtimer-westfalia-anhaengertuergriffdichtung\/"},"modified":"2020-07-27T10:20:49","modified_gmt":"2020-07-27T10:20:49","slug":"oldtimer-westfalen-anhanger-turgriff-dichtung","status":"publish","type":"product","link":"https:\/\/westys.nl\/de\/product\/oldtimer-westfalen-anhanger-turgriff-dichtung\/","title":{"rendered":"Oldtimer Westfalia Anh\u00e4ngert\u00fcrgriffdichtung"},"content":{"rendered":"<p>Westfalia Anh\u00e4ngert\u00fcrgriffdichtung. Diese T\u00fcrgriffdichtung kann sowohl an Anh\u00e4ngern als auch an Wohnwagen verwendet werden.<\/p>\n<p>Passend f\u00fcr die T\u00fcrgriffe mit einem h.oh. Der Abstand zu den Befestigungsl\u00f6chern betr\u00e4gt 35 mm. Normalerweise liegt dieser bei einem Anh\u00e4nger oder Wohnwagen bei etwa 34 mm, daher muss er ein wenig angepasst werden.<\/p>\n<p>Die Dichtung hat Innenma\u00dfe von 50&#215;28 mm.<\/p>\n","protected":false},"excerpt":{"rendered":"<p>Westfalia Anh\u00e4ngert\u00fcrgriffdichtung. Diese T\u00fcrgriffdichtung kann sowohl an Anh\u00e4ngern als auch an Wohnwagen verwendet werden. Passend f\u00fcr die T\u00fcrgriffe mit einem h.oh. Der Abstand zu den Befestigungsl\u00f6chern betr\u00e4gt 35 mm. Normalerweise liegt dieser bei einem Anh\u00e4nger oder Wohnwagen bei etwa 34 mm, daher muss er ein wenig angepasst werden. Die Dichtung hat Innenma\u00dfe von 50&#215;28 mm.<\/p>\n","protected":false},"featured_media":21987,"template":"","meta":[],"product_cat":[814,729,779,695,698,696,697,689,690,688],"product_tag":[],"_links":{"self":[{"href":"https:\/\/westys.nl\/de\/wp-json\/wp\/v2\/product\/26277"}],"collection":[{"href":"https:\/\/westys.nl\/de\/wp-json\/wp\/v2\/product"}],"about":[{"href":"https:\/\/westys.nl\/de\/wp-json\/wp\/v2\/types\/product"}],"version-history":[{"count":0,"href":"https:\/\/westys.nl\/de\/wp-json\/wp\/v2\/product\/26277\/revisions"}],"wp:featuredmedia":[{"embeddable":true,"href":"https:\/\/westys.nl\/de\/wp-json\/wp\/v2\/media\/21987"}],"wp:attachment":[{"href":"https:\/\/westys.nl\/de\/wp-json\/wp\/v2\/media?parent=26277"}],"wp:term":[{"taxonomy":"product_cat","embeddable":true,"href":"https:\/\/westys.nl\/de\/wp-json\/wp\/v2\/product_cat?post=26277"},{"taxonomy":"product_tag","embeddable":true,"href":"https:\/\/westys.nl\/de\/wp-json\/wp\/v2\/product_tag?post=26277"}],"curies":[{"name":"wp","href":"https:\/\/api.w.org\/{rel}","templated":true}]}}