{"id":26292,"date":"2020-07-24T20:19:01","date_gmt":"2020-07-24T20:19:01","guid":{"rendered":"https:\/\/westys.nl\/product\/oldtimer-westfalia-anhaengeraufkleber-max-deichsellast\/"},"modified":"2020-07-24T20:19:01","modified_gmt":"2020-07-24T20:19:01","slug":"oldtimer-westfalen-anhanger-max-deichsel-aufkleber","status":"publish","type":"product","link":"https:\/\/westys.nl\/de\/product\/oldtimer-westfalen-anhanger-max-deichsel-aufkleber\/","title":{"rendered":"Oldtimer Westfalia Anh\u00e4ngeraufkleber max. Deichsellast"},"content":{"rendered":"<p>Die Westfalia max. Die Deichsel-Vignette ist eine Reproduktion. Eine gro\u00dfartige Erg\u00e4nzung f\u00fcr Ihren Anh\u00e4nger.<\/p>\n<p>&nbsp;<\/p>\n","protected":false},"excerpt":{"rendered":"<p>Die Westfalia max. Die Deichsel-Vignette ist eine Reproduktion. Eine gro\u00dfartige Erg\u00e4nzung f\u00fcr Ihren Anh\u00e4nger. &nbsp;<\/p>\n","protected":false},"featured_media":21831,"template":"","meta":[],"product_cat":[803,692,695,776,693,698,703,778,686,687,896,795,696,706,702,707,699,705,777,701,694,700,697,689,728,690,704,688],"product_tag":[],"_links":{"self":[{"href":"https:\/\/westys.nl\/de\/wp-json\/wp\/v2\/product\/26292"}],"collection":[{"href":"https:\/\/westys.nl\/de\/wp-json\/wp\/v2\/product"}],"about":[{"href":"https:\/\/westys.nl\/de\/wp-json\/wp\/v2\/types\/product"}],"version-history":[{"count":0,"href":"https:\/\/westys.nl\/de\/wp-json\/wp\/v2\/product\/26292\/revisions"}],"wp:featuredmedia":[{"embeddable":true,"href":"https:\/\/westys.nl\/de\/wp-json\/wp\/v2\/media\/21831"}],"wp:attachment":[{"href":"https:\/\/westys.nl\/de\/wp-json\/wp\/v2\/media?parent=26292"}],"wp:term":[{"taxonomy":"product_cat","embeddable":true,"href":"https:\/\/westys.nl\/de\/wp-json\/wp\/v2\/product_cat?post=26292"},{"taxonomy":"product_tag","embeddable":true,"href":"https:\/\/westys.nl\/de\/wp-json\/wp\/v2\/product_tag?post=26292"}],"curies":[{"name":"wp","href":"https:\/\/api.w.org\/{rel}","templated":true}]}}