{"id":26295,"date":"2020-07-27T10:08:28","date_gmt":"2020-07-27T10:08:28","guid":{"rendered":"https:\/\/westys.nl\/product\/oldtimer-westfalia-anhaengertuergriff-aussen-gebogen\/"},"modified":"2020-07-27T10:08:28","modified_gmt":"2020-07-27T10:08:28","slug":"oldtimer-westfalen-anhanger-turgriff-ausen-gebogen","status":"publish","type":"product","link":"https:\/\/westys.nl\/de\/product\/oldtimer-westfalen-anhanger-turgriff-ausen-gebogen\/","title":{"rendered":"Oldtimer Westfalia Anh\u00e4ngert\u00fcrgriff au\u00dfen gebogen"},"content":{"rendered":"<p>Westfalia Anh\u00e4ngert\u00fcrgriff nach au\u00dfen gebogen. Dieser T\u00fcrgriff kann sowohl an Anh\u00e4ngern als auch an Wohnwagen verwendet werden.<\/p>\n<p>Geeignet f\u00fcr einen 8 mm Vierkantschaft mit einem H.Oh. Der Abstand zu den Befestigungsl\u00f6chern betr\u00e4gt 35 mm. Normalerweise liegt dieser bei einem Anh\u00e4nger oder Wohnwagen bei etwa 34 mm, daher muss er ein wenig angepasst werden.<\/p>\n<p>Der T\u00fcrgriff hat eine Gesamtl\u00e4nge von ca. 120 mm.<\/p>\n<p>Kommt mit 2 Schl\u00fcsseln. Es ist auch m\u00f6glich, mehrere T\u00fcrgriffe zu bestellen, die mit 1 Schl\u00fcsselsatz funktionieren. Bitte geben Sie dies per E-Mail an und kann sich auf die Lieferzeit auswirken.<\/p>\n<p>Der T\u00fcrgriff wird ohne Dichtung geliefert. Diese kann separat \u00fcber den Webshop bestellt werden.<\/p>\n","protected":false},"excerpt":{"rendered":"<p>Westfalia Anh\u00e4ngert\u00fcrgriff nach au\u00dfen gebogen. Dieser T\u00fcrgriff kann sowohl an Anh\u00e4ngern als auch an Wohnwagen verwendet werden. Geeignet f\u00fcr einen 8 mm Vierkantschaft mit einem H.Oh. Der Abstand zu den Befestigungsl\u00f6chern betr\u00e4gt 35 mm. Normalerweise liegt dieser bei einem Anh\u00e4nger oder Wohnwagen bei etwa 34 mm, daher muss er ein wenig angepasst werden. Der T\u00fcrgriff [&hellip;]<\/p>\n","protected":false},"featured_media":21993,"template":"","meta":[],"product_cat":[814,779,695,698,696,697,689,690,688],"product_tag":[],"_links":{"self":[{"href":"https:\/\/westys.nl\/de\/wp-json\/wp\/v2\/product\/26295"}],"collection":[{"href":"https:\/\/westys.nl\/de\/wp-json\/wp\/v2\/product"}],"about":[{"href":"https:\/\/westys.nl\/de\/wp-json\/wp\/v2\/types\/product"}],"version-history":[{"count":0,"href":"https:\/\/westys.nl\/de\/wp-json\/wp\/v2\/product\/26295\/revisions"}],"wp:featuredmedia":[{"embeddable":true,"href":"https:\/\/westys.nl\/de\/wp-json\/wp\/v2\/media\/21993"}],"wp:attachment":[{"href":"https:\/\/westys.nl\/de\/wp-json\/wp\/v2\/media?parent=26295"}],"wp:term":[{"taxonomy":"product_cat","embeddable":true,"href":"https:\/\/westys.nl\/de\/wp-json\/wp\/v2\/product_cat?post=26295"},{"taxonomy":"product_tag","embeddable":true,"href":"https:\/\/westys.nl\/de\/wp-json\/wp\/v2\/product_tag?post=26295"}],"curies":[{"name":"wp","href":"https:\/\/api.w.org\/{rel}","templated":true}]}}