{"id":26301,"date":"2020-03-30T19:11:29","date_gmt":"2020-03-30T19:11:29","guid":{"rendered":"https:\/\/westys.nl\/product\/oldtimer-westfalia-anhaenger-400-x-8-zoll-radlager-o47-o20\/"},"modified":"2020-03-30T19:11:29","modified_gmt":"2020-03-30T19:11:29","slug":"westfalia-esche-radlager-o47","status":"publish","type":"product","link":"https:\/\/westys.nl\/de\/product\/westfalia-esche-radlager-o47\/","title":{"rendered":"Oldtimer Westfalia Anh\u00e4nger 4,00 x 8 Zoll Radlager \u00f847-\u00f820"},"content":{"rendered":"<p>Westfalia Essen Radlager \u00f847.<\/p>\n<p>Das Lager hat die Abmessungen \u00f847-\u00f820 mm und ist 14 mm dick.<\/p>\n","protected":false},"excerpt":{"rendered":"<p>Westfalia Essen Radlager \u00f847. Das Lager hat die Abmessungen \u00f847-\u00f820 mm und ist 14 mm dick.<\/p>\n","protected":false},"featured_media":21735,"template":"","meta":[],"product_cat":[811,756,778,795],"product_tag":[],"_links":{"self":[{"href":"https:\/\/westys.nl\/de\/wp-json\/wp\/v2\/product\/26301"}],"collection":[{"href":"https:\/\/westys.nl\/de\/wp-json\/wp\/v2\/product"}],"about":[{"href":"https:\/\/westys.nl\/de\/wp-json\/wp\/v2\/types\/product"}],"version-history":[{"count":0,"href":"https:\/\/westys.nl\/de\/wp-json\/wp\/v2\/product\/26301\/revisions"}],"wp:featuredmedia":[{"embeddable":true,"href":"https:\/\/westys.nl\/de\/wp-json\/wp\/v2\/media\/21735"}],"wp:attachment":[{"href":"https:\/\/westys.nl\/de\/wp-json\/wp\/v2\/media?parent=26301"}],"wp:term":[{"taxonomy":"product_cat","embeddable":true,"href":"https:\/\/westys.nl\/de\/wp-json\/wp\/v2\/product_cat?post=26301"},{"taxonomy":"product_tag","embeddable":true,"href":"https:\/\/westys.nl\/de\/wp-json\/wp\/v2\/product_tag?post=26301"}],"curies":[{"name":"wp","href":"https:\/\/api.w.org\/{rel}","templated":true}]}}