{"id":26302,"date":"2020-07-26T21:17:25","date_gmt":"2020-07-26T21:17:25","guid":{"rendered":"https:\/\/westys.nl\/product\/oldtimer-westfalia-trailer-tuergriff-innen\/"},"modified":"2020-07-26T21:17:25","modified_gmt":"2020-07-26T21:17:25","slug":"oldtimer-westfalen-anhanger-turgriff-innen","status":"publish","type":"product","link":"https:\/\/westys.nl\/de\/product\/oldtimer-westfalen-anhanger-turgriff-innen\/","title":{"rendered":"Oldtimer Westfalia Trailer T\u00fcrgriff innen"},"content":{"rendered":"<p>Westfalia Anh\u00e4ngert\u00fcrgriff innen. Dieser T\u00fcrgriff kann sowohl an Anh\u00e4ngern als auch an Wohnwagen verwendet werden.<\/p>\n<p>Geeignet f\u00fcr eine quadratische Achse von 8 mm und hat eine Gesamtl\u00e4nge von ca. 115 mm.<\/p>\n","protected":false},"excerpt":{"rendered":"<p>Westfalia Anh\u00e4ngert\u00fcrgriff innen. Dieser T\u00fcrgriff kann sowohl an Anh\u00e4ngern als auch an Wohnwagen verwendet werden. Geeignet f\u00fcr eine quadratische Achse von 8 mm und hat eine Gesamtl\u00e4nge von ca. 115 mm.<\/p>\n","protected":false},"featured_media":21990,"template":"","meta":[],"product_cat":[814,779,695,698,696,697,689,690,688],"product_tag":[],"_links":{"self":[{"href":"https:\/\/westys.nl\/de\/wp-json\/wp\/v2\/product\/26302"}],"collection":[{"href":"https:\/\/westys.nl\/de\/wp-json\/wp\/v2\/product"}],"about":[{"href":"https:\/\/westys.nl\/de\/wp-json\/wp\/v2\/types\/product"}],"version-history":[{"count":0,"href":"https:\/\/westys.nl\/de\/wp-json\/wp\/v2\/product\/26302\/revisions"}],"wp:featuredmedia":[{"embeddable":true,"href":"https:\/\/westys.nl\/de\/wp-json\/wp\/v2\/media\/21990"}],"wp:attachment":[{"href":"https:\/\/westys.nl\/de\/wp-json\/wp\/v2\/media?parent=26302"}],"wp:term":[{"taxonomy":"product_cat","embeddable":true,"href":"https:\/\/westys.nl\/de\/wp-json\/wp\/v2\/product_cat?post=26302"},{"taxonomy":"product_tag","embeddable":true,"href":"https:\/\/westys.nl\/de\/wp-json\/wp\/v2\/product_tag?post=26302"}],"curies":[{"name":"wp","href":"https:\/\/api.w.org\/{rel}","templated":true}]}}