{"id":26305,"date":"2020-06-06T14:39:21","date_gmt":"2020-06-06T14:39:21","guid":{"rendered":"https:\/\/westys.nl\/product\/oldtimer-westfalia-wohnwagen-eckleuchte-outdoor-rechteckige-gluehbirne\/"},"modified":"2020-06-06T14:39:21","modified_gmt":"2020-06-06T14:39:21","slug":"oldtimer-westfalen-wohnwagen-ecklampe-outdoor-rechteckige-gluhbirne","status":"publish","type":"product","link":"https:\/\/westys.nl\/de\/product\/oldtimer-westfalen-wohnwagen-ecklampe-outdoor-rechteckige-gluhbirne\/","title":{"rendered":"Oldtimer Westfalia Wohnwagen Eckleuchte Outdoor rechteckige Gl\u00fchbirne"},"content":{"rendered":"<p>Westfalia Wohnwagen Eckleuchte Au\u00dfenleuchte Gl\u00fchbirne 12V 4 Watt.<\/p>\n<p>&nbsp;<\/p>\n","protected":false},"excerpt":{"rendered":"<p>Westfalia Wohnwagen Eckleuchte Au\u00dfenleuchte Gl\u00fchbirne 12V 4 Watt. &nbsp;<\/p>\n","protected":false},"featured_media":22227,"template":"","meta":[],"product_cat":[794,796,696,694,689,690,688],"product_tag":[],"_links":{"self":[{"href":"https:\/\/westys.nl\/de\/wp-json\/wp\/v2\/product\/26305"}],"collection":[{"href":"https:\/\/westys.nl\/de\/wp-json\/wp\/v2\/product"}],"about":[{"href":"https:\/\/westys.nl\/de\/wp-json\/wp\/v2\/types\/product"}],"version-history":[{"count":0,"href":"https:\/\/westys.nl\/de\/wp-json\/wp\/v2\/product\/26305\/revisions"}],"wp:featuredmedia":[{"embeddable":true,"href":"https:\/\/westys.nl\/de\/wp-json\/wp\/v2\/media\/22227"}],"wp:attachment":[{"href":"https:\/\/westys.nl\/de\/wp-json\/wp\/v2\/media?parent=26305"}],"wp:term":[{"taxonomy":"product_cat","embeddable":true,"href":"https:\/\/westys.nl\/de\/wp-json\/wp\/v2\/product_cat?post=26305"},{"taxonomy":"product_tag","embeddable":true,"href":"https:\/\/westys.nl\/de\/wp-json\/wp\/v2\/product_tag?post=26305"}],"curies":[{"name":"wp","href":"https:\/\/api.w.org\/{rel}","templated":true}]}}