{"id":26312,"date":"2020-02-16T11:16:00","date_gmt":"2020-02-16T11:16:00","guid":{"rendered":"https:\/\/westys.nl\/product\/oldtimer-westfalia-anhaenger-4-00-x-8-zoll-radlager-o40-o17\/"},"modified":"2020-02-16T11:16:00","modified_gmt":"2020-02-16T11:16:00","slug":"westfalia-esche-radlager-o40","status":"publish","type":"product","link":"https:\/\/westys.nl\/de\/product\/westfalia-esche-radlager-o40\/","title":{"rendered":"Oldtimer Westfalia Anh\u00e4nger 4.00 x 8 Zoll Radlager \u00f840-\u00f817"},"content":{"rendered":"<p>Westfalia Essen Radlager \u00f840.<br \/>\nDas Lager hat die Abmessungen \u00f840-\u00f817 mm und ist 12 mm dick.<\/p>\n","protected":false},"excerpt":{"rendered":"<p>Westfalia Essen Radlager \u00f840. Das Lager hat die Abmessungen \u00f840-\u00f817 mm und ist 12 mm dick.<\/p>\n","protected":false},"featured_media":21732,"template":"","meta":[],"product_cat":[811,756,778,795],"product_tag":[],"_links":{"self":[{"href":"https:\/\/westys.nl\/de\/wp-json\/wp\/v2\/product\/26312"}],"collection":[{"href":"https:\/\/westys.nl\/de\/wp-json\/wp\/v2\/product"}],"about":[{"href":"https:\/\/westys.nl\/de\/wp-json\/wp\/v2\/types\/product"}],"version-history":[{"count":0,"href":"https:\/\/westys.nl\/de\/wp-json\/wp\/v2\/product\/26312\/revisions"}],"wp:featuredmedia":[{"embeddable":true,"href":"https:\/\/westys.nl\/de\/wp-json\/wp\/v2\/media\/21732"}],"wp:attachment":[{"href":"https:\/\/westys.nl\/de\/wp-json\/wp\/v2\/media?parent=26312"}],"wp:term":[{"taxonomy":"product_cat","embeddable":true,"href":"https:\/\/westys.nl\/de\/wp-json\/wp\/v2\/product_cat?post=26312"},{"taxonomy":"product_tag","embeddable":true,"href":"https:\/\/westys.nl\/de\/wp-json\/wp\/v2\/product_tag?post=26312"}],"curies":[{"name":"wp","href":"https:\/\/api.w.org\/{rel}","templated":true}]}}