{"id":26313,"date":"2020-02-27T21:25:04","date_gmt":"2020-02-27T21:25:04","guid":{"rendered":"https:\/\/westys.nl\/product\/oldtimer-westfalia-wohnwagengummi-fuer-tuer\/"},"modified":"2020-02-27T21:25:04","modified_gmt":"2020-02-27T21:25:04","slug":"westfalia-caravan-turgummi-t-b-v-tur","status":"publish","type":"product","link":"https:\/\/westys.nl\/de\/product\/westfalia-caravan-turgummi-t-b-v-tur\/","title":{"rendered":"Oldtimer Westfalia Wohnwagengummi f\u00fcr T\u00fcr"},"content":{"rendered":"<p><span class=\"tlid-translation translation\" lang=\"de\"><span title=\"\"><span class=\"tlid-translation translation\" lang=\"nl\">Der Westfalia Wohnwagengummi f\u00fcr die T\u00fcr ist eine Reproduktion. Dieses Teil wird f\u00fcr die Wohnwagent\u00fcr verwendet.<br \/>\nDieser Belag kostet 23,50 \u20ac pro Meter und ist nur pro ganzem Meter erh\u00e4ltlich.<\/span><\/span><\/span><\/p>\n","protected":false},"excerpt":{"rendered":"<p>Der Westfalia Wohnwagengummi f\u00fcr die T\u00fcr ist eine Reproduktion. Dieses Teil wird f\u00fcr die Wohnwagent\u00fcr verwendet. Dieser Belag kostet 23,50 \u20ac pro Meter und ist nur pro ganzem Meter erh\u00e4ltlich.<\/p>\n","protected":false},"featured_media":22059,"template":"","meta":[],"product_cat":[729,690,688],"product_tag":[],"_links":{"self":[{"href":"https:\/\/westys.nl\/de\/wp-json\/wp\/v2\/product\/26313"}],"collection":[{"href":"https:\/\/westys.nl\/de\/wp-json\/wp\/v2\/product"}],"about":[{"href":"https:\/\/westys.nl\/de\/wp-json\/wp\/v2\/types\/product"}],"version-history":[{"count":0,"href":"https:\/\/westys.nl\/de\/wp-json\/wp\/v2\/product\/26313\/revisions"}],"wp:featuredmedia":[{"embeddable":true,"href":"https:\/\/westys.nl\/de\/wp-json\/wp\/v2\/media\/22059"}],"wp:attachment":[{"href":"https:\/\/westys.nl\/de\/wp-json\/wp\/v2\/media?parent=26313"}],"wp:term":[{"taxonomy":"product_cat","embeddable":true,"href":"https:\/\/westys.nl\/de\/wp-json\/wp\/v2\/product_cat?post=26313"},{"taxonomy":"product_tag","embeddable":true,"href":"https:\/\/westys.nl\/de\/wp-json\/wp\/v2\/product_tag?post=26313"}],"curies":[{"name":"wp","href":"https:\/\/api.w.org\/{rel}","templated":true}]}}