{"id":26317,"date":"2020-03-30T18:58:13","date_gmt":"2020-03-30T18:58:13","guid":{"rendered":"https:\/\/westys.nl\/product\/oldtimer-westfalia-anhaenger-ruecklicht-typ-2-gebraucht\/"},"modified":"2020-03-30T18:58:13","modified_gmt":"2020-03-30T18:58:13","slug":"westfalia-essen-jokon-rucklicht-links-komplett","status":"publish","type":"product","link":"https:\/\/westys.nl\/de\/product\/westfalia-essen-jokon-rucklicht-links-komplett\/","title":{"rendered":"Oldtimer Westfalia Anh\u00e4nger R\u00fccklicht Typ 2 (Gebraucht)"},"content":{"rendered":"<p>Westfalia Essen R\u00fccklicht Typ 2 komplett. Dieses R\u00fccklicht wurde verwendet. Das bedeutet, dass es eine leichte Form von Rost, Kratzern und anderen Gebrauchsspuren aufweisen kann. Wird ohne Lampen geliefert.<\/p>\n<p>Dieses R\u00fccklicht wird unter anderem f\u00fcr die \u00e4lteren Essen-Anh\u00e4nger des Typs verwendet.<\/p>\n","protected":false},"excerpt":{"rendered":"<p>Westfalia Essen R\u00fccklicht Typ 2 komplett. Dieses R\u00fccklicht wurde verwendet. Das bedeutet, dass es eine leichte Form von Rost, Kratzern und anderen Gebrauchsspuren aufweisen kann. Wird ohne Lampen geliefert. Dieses R\u00fccklicht wird unter anderem f\u00fcr die \u00e4lteren Essen-Anh\u00e4nger des Typs verwendet.<\/p>\n","protected":false},"featured_media":21792,"template":"","meta":[],"product_cat":[796,778],"product_tag":[],"_links":{"self":[{"href":"https:\/\/westys.nl\/de\/wp-json\/wp\/v2\/product\/26317"}],"collection":[{"href":"https:\/\/westys.nl\/de\/wp-json\/wp\/v2\/product"}],"about":[{"href":"https:\/\/westys.nl\/de\/wp-json\/wp\/v2\/types\/product"}],"version-history":[{"count":0,"href":"https:\/\/westys.nl\/de\/wp-json\/wp\/v2\/product\/26317\/revisions"}],"wp:featuredmedia":[{"embeddable":true,"href":"https:\/\/westys.nl\/de\/wp-json\/wp\/v2\/media\/21792"}],"wp:attachment":[{"href":"https:\/\/westys.nl\/de\/wp-json\/wp\/v2\/media?parent=26317"}],"wp:term":[{"taxonomy":"product_cat","embeddable":true,"href":"https:\/\/westys.nl\/de\/wp-json\/wp\/v2\/product_cat?post=26317"},{"taxonomy":"product_tag","embeddable":true,"href":"https:\/\/westys.nl\/de\/wp-json\/wp\/v2\/product_tag?post=26317"}],"curies":[{"name":"wp","href":"https:\/\/api.w.org\/{rel}","templated":true}]}}