{"id":26326,"date":"2020-02-27T21:04:58","date_gmt":"2020-02-27T21:04:58","guid":{"rendered":"https:\/\/westys.nl\/product\/oldtimer-westfalia-wohnwagengummi-fuer-festes-fenster\/"},"modified":"2020-02-27T21:04:58","modified_gmt":"2020-02-27T21:04:58","slug":"westfalia-wohnwagen-fenstergummi-t-b-v-festes-fenster","status":"publish","type":"product","link":"https:\/\/westys.nl\/de\/product\/westfalia-wohnwagen-fenstergummi-t-b-v-festes-fenster\/","title":{"rendered":"Oldtimer Westfalia Wohnwagengummi f\u00fcr festes Fenster"},"content":{"rendered":"<p>Der Westfalia Wohnwagengummi f\u00fcr ein festes Fenster ist eine Reproduktion. Dieses Teil wird f\u00fcr die <strong>Wohnwagenfenster verwendet, die nicht<\/strong> ge\u00f6ffnet werden k\u00f6nnen.<br \/>\nDas gilt auch f\u00fcr das runde Fenster. Dieser Belag kostet 23,50 \u20ac pro Meter und ist nur pro ganzem Meter erh\u00e4ltlich.<\/p>\n","protected":false},"excerpt":{"rendered":"<p>Der Westfalia Wohnwagengummi f\u00fcr ein festes Fenster ist eine Reproduktion. Dieses Teil wird f\u00fcr die Wohnwagenfenster verwendet, die nicht ge\u00f6ffnet werden k\u00f6nnen. Das gilt auch f\u00fcr das runde Fenster. Dieser Belag kostet 23,50 \u20ac pro Meter und ist nur pro ganzem Meter erh\u00e4ltlich.<\/p>\n","protected":false},"featured_media":22056,"template":"","meta":[],"product_cat":[729,690,688],"product_tag":[],"_links":{"self":[{"href":"https:\/\/westys.nl\/de\/wp-json\/wp\/v2\/product\/26326"}],"collection":[{"href":"https:\/\/westys.nl\/de\/wp-json\/wp\/v2\/product"}],"about":[{"href":"https:\/\/westys.nl\/de\/wp-json\/wp\/v2\/types\/product"}],"version-history":[{"count":0,"href":"https:\/\/westys.nl\/de\/wp-json\/wp\/v2\/product\/26326\/revisions"}],"wp:featuredmedia":[{"embeddable":true,"href":"https:\/\/westys.nl\/de\/wp-json\/wp\/v2\/media\/22056"}],"wp:attachment":[{"href":"https:\/\/westys.nl\/de\/wp-json\/wp\/v2\/media?parent=26326"}],"wp:term":[{"taxonomy":"product_cat","embeddable":true,"href":"https:\/\/westys.nl\/de\/wp-json\/wp\/v2\/product_cat?post=26326"},{"taxonomy":"product_tag","embeddable":true,"href":"https:\/\/westys.nl\/de\/wp-json\/wp\/v2\/product_tag?post=26326"}],"curies":[{"name":"wp","href":"https:\/\/api.w.org\/{rel}","templated":true}]}}