{"id":26327,"date":"2020-03-19T20:50:22","date_gmt":"2020-03-19T20:50:22","guid":{"rendered":"https:\/\/westys.nl\/product\/oldtimer-westfalia-wohnwagengummi-fuer-tuerrahmen\/"},"modified":"2020-03-19T20:50:22","modified_gmt":"2020-03-19T20:50:22","slug":"westfalia-wohnwagen-gummi-t-b-v-turrahmen","status":"publish","type":"product","link":"https:\/\/westys.nl\/de\/product\/westfalia-wohnwagen-gummi-t-b-v-turrahmen\/","title":{"rendered":"Oldtimer Westfalia Wohnwagengummi f\u00fcr T\u00fcrrahmen"},"content":{"rendered":"<p>Der Westfalia Wohnwagengummi f\u00fcr den T\u00fcrrahmen ist eine Nachfertigung. Dieses Teil wird f\u00fcr den T\u00fcrrahmen des Wohnwagens verwendet.<br \/>\nDieser Belag kostet 23,50 \u20ac pro Meter und ist nur pro ganzem Meter erh\u00e4ltlich.<\/p>\n","protected":false},"excerpt":{"rendered":"<p>Der Westfalia Wohnwagengummi f\u00fcr den T\u00fcrrahmen ist eine Nachfertigung. Dieses Teil wird f\u00fcr den T\u00fcrrahmen des Wohnwagens verwendet. Dieser Belag kostet 23,50 \u20ac pro Meter und ist nur pro ganzem Meter erh\u00e4ltlich.<\/p>\n","protected":false},"featured_media":22047,"template":"","meta":[],"product_cat":[729,690,688],"product_tag":[],"_links":{"self":[{"href":"https:\/\/westys.nl\/de\/wp-json\/wp\/v2\/product\/26327"}],"collection":[{"href":"https:\/\/westys.nl\/de\/wp-json\/wp\/v2\/product"}],"about":[{"href":"https:\/\/westys.nl\/de\/wp-json\/wp\/v2\/types\/product"}],"version-history":[{"count":0,"href":"https:\/\/westys.nl\/de\/wp-json\/wp\/v2\/product\/26327\/revisions"}],"wp:featuredmedia":[{"embeddable":true,"href":"https:\/\/westys.nl\/de\/wp-json\/wp\/v2\/media\/22047"}],"wp:attachment":[{"href":"https:\/\/westys.nl\/de\/wp-json\/wp\/v2\/media?parent=26327"}],"wp:term":[{"taxonomy":"product_cat","embeddable":true,"href":"https:\/\/westys.nl\/de\/wp-json\/wp\/v2\/product_cat?post=26327"},{"taxonomy":"product_tag","embeddable":true,"href":"https:\/\/westys.nl\/de\/wp-json\/wp\/v2\/product_tag?post=26327"}],"curies":[{"name":"wp","href":"https:\/\/api.w.org\/{rel}","templated":true}]}}