{"id":26331,"date":"2020-02-16T11:34:51","date_gmt":"2020-02-16T11:34:51","guid":{"rendered":"https:\/\/westys.nl\/product\/oldtimer-westfalia-anhaenger-essen-radlager-o40-o17\/"},"modified":"2020-02-16T11:34:51","modified_gmt":"2020-02-16T11:34:51","slug":"westfalia-essen-radlager-o40","status":"publish","type":"product","link":"https:\/\/westys.nl\/de\/product\/westfalia-essen-radlager-o40\/","title":{"rendered":"Oldtimer Westfalia Anh\u00e4nger Essen Radlager \u00f840-\u00f817"},"content":{"rendered":"<p><span lang=\"en\">Westfalia Essen Radlager \u00f840. Das Lager hat die Abmessungen \u00f840-\u00f817 mm und ist 12 mm dick.<\/span><\/p>\n","protected":false},"excerpt":{"rendered":"<p>Westfalia Essen Radlager \u00f840. Das Lager hat die Abmessungen \u00f840-\u00f817 mm und ist 12 mm dick.<\/p>\n","protected":false},"featured_media":21732,"template":"","meta":[],"product_cat":[811,756,778,795],"product_tag":[],"_links":{"self":[{"href":"https:\/\/westys.nl\/de\/wp-json\/wp\/v2\/product\/26331"}],"collection":[{"href":"https:\/\/westys.nl\/de\/wp-json\/wp\/v2\/product"}],"about":[{"href":"https:\/\/westys.nl\/de\/wp-json\/wp\/v2\/types\/product"}],"version-history":[{"count":0,"href":"https:\/\/westys.nl\/de\/wp-json\/wp\/v2\/product\/26331\/revisions"}],"wp:featuredmedia":[{"embeddable":true,"href":"https:\/\/westys.nl\/de\/wp-json\/wp\/v2\/media\/21732"}],"wp:attachment":[{"href":"https:\/\/westys.nl\/de\/wp-json\/wp\/v2\/media?parent=26331"}],"wp:term":[{"taxonomy":"product_cat","embeddable":true,"href":"https:\/\/westys.nl\/de\/wp-json\/wp\/v2\/product_cat?post=26331"},{"taxonomy":"product_tag","embeddable":true,"href":"https:\/\/westys.nl\/de\/wp-json\/wp\/v2\/product_tag?post=26331"}],"curies":[{"name":"wp","href":"https:\/\/api.w.org\/{rel}","templated":true}]}}