{"id":26333,"date":"2020-03-30T18:39:53","date_gmt":"2020-03-30T18:39:53","guid":{"rendered":"https:\/\/westys.nl\/product\/oldtimer-westfalia-anhaenger-ruecklicht-typ-1-rechts-komplett\/"},"modified":"2020-03-30T18:39:53","modified_gmt":"2020-03-30T18:39:53","slug":"westfalia-essen-komplett-jokon-rucklicht-rechts","status":"publish","type":"product","link":"https:\/\/westys.nl\/de\/product\/westfalia-essen-komplett-jokon-rucklicht-rechts\/","title":{"rendered":"Oldtimer Westfalia Anh\u00e4nger R\u00fccklicht Typ 1 rechts komplett"},"content":{"rendered":"<p>Westfalia Essen R\u00fccklicht Typ 1 komplett rechts. Wird ohne Lampen geliefert.<\/p>\n<p>Dieses R\u00fccklicht wird unter anderem f\u00fcr die j\u00fcngeren Essen-Anh\u00e4nger verwendet.<\/p>\n","protected":false},"excerpt":{"rendered":"<p>Westfalia Essen R\u00fccklicht Typ 1 komplett rechts. Wird ohne Lampen geliefert. Dieses R\u00fccklicht wird unter anderem f\u00fcr die j\u00fcngeren Essen-Anh\u00e4nger verwendet.<\/p>\n","protected":false},"featured_media":21789,"template":"","meta":[],"product_cat":[796,778,795],"product_tag":[],"_links":{"self":[{"href":"https:\/\/westys.nl\/de\/wp-json\/wp\/v2\/product\/26333"}],"collection":[{"href":"https:\/\/westys.nl\/de\/wp-json\/wp\/v2\/product"}],"about":[{"href":"https:\/\/westys.nl\/de\/wp-json\/wp\/v2\/types\/product"}],"version-history":[{"count":0,"href":"https:\/\/westys.nl\/de\/wp-json\/wp\/v2\/product\/26333\/revisions"}],"wp:featuredmedia":[{"embeddable":true,"href":"https:\/\/westys.nl\/de\/wp-json\/wp\/v2\/media\/21789"}],"wp:attachment":[{"href":"https:\/\/westys.nl\/de\/wp-json\/wp\/v2\/media?parent=26333"}],"wp:term":[{"taxonomy":"product_cat","embeddable":true,"href":"https:\/\/westys.nl\/de\/wp-json\/wp\/v2\/product_cat?post=26333"},{"taxonomy":"product_tag","embeddable":true,"href":"https:\/\/westys.nl\/de\/wp-json\/wp\/v2\/product_tag?post=26333"}],"curies":[{"name":"wp","href":"https:\/\/api.w.org\/{rel}","templated":true}]}}