{"id":26338,"date":"2020-03-03T09:08:43","date_gmt":"2020-03-03T09:08:43","guid":{"rendered":"https:\/\/westys.nl\/product\/oldtimer-westfalia-anhaenger-gleitlagerbuchse-bundbuchse-weiss\/"},"modified":"2020-03-03T09:08:43","modified_gmt":"2020-03-03T09:08:43","slug":"westfalia-esche-gleitlager-bundbuchse","status":"publish","type":"product","link":"https:\/\/westys.nl\/de\/product\/westfalia-esche-gleitlager-bundbuchse\/","title":{"rendered":"Oldtimer Westfalia Anh\u00e4nger Gleitlagerbuchse Bundbuchse wei\u00df"},"content":{"rendered":"<p>Die Westfalia Gleitlagerbundbuchse wei\u00df ist eine Nachfertigung. Dieses Teil wird als Gleitlager zwischen Welle und Federbein verwendet.<\/p>\n","protected":false},"excerpt":{"rendered":"<p>Die Westfalia Gleitlagerbundbuchse wei\u00df ist eine Nachfertigung. Dieses Teil wird als Gleitlager zwischen Welle und Federbein verwendet.<\/p>\n","protected":false},"featured_media":21747,"template":"","meta":[],"product_cat":[811,778,795],"product_tag":[],"_links":{"self":[{"href":"https:\/\/westys.nl\/de\/wp-json\/wp\/v2\/product\/26338"}],"collection":[{"href":"https:\/\/westys.nl\/de\/wp-json\/wp\/v2\/product"}],"about":[{"href":"https:\/\/westys.nl\/de\/wp-json\/wp\/v2\/types\/product"}],"version-history":[{"count":0,"href":"https:\/\/westys.nl\/de\/wp-json\/wp\/v2\/product\/26338\/revisions"}],"wp:featuredmedia":[{"embeddable":true,"href":"https:\/\/westys.nl\/de\/wp-json\/wp\/v2\/media\/21747"}],"wp:attachment":[{"href":"https:\/\/westys.nl\/de\/wp-json\/wp\/v2\/media?parent=26338"}],"wp:term":[{"taxonomy":"product_cat","embeddable":true,"href":"https:\/\/westys.nl\/de\/wp-json\/wp\/v2\/product_cat?post=26338"},{"taxonomy":"product_tag","embeddable":true,"href":"https:\/\/westys.nl\/de\/wp-json\/wp\/v2\/product_tag?post=26338"}],"curies":[{"name":"wp","href":"https:\/\/api.w.org\/{rel}","templated":true}]}}