{"id":26342,"date":"2020-02-27T20:05:33","date_gmt":"2020-02-27T20:05:33","guid":{"rendered":"https:\/\/westys.nl\/product\/oldtimer-westfalia-wohnwagengummi-fuer-ausstellfenster\/"},"modified":"2020-02-27T20:05:33","modified_gmt":"2020-02-27T20:05:33","slug":"westfalia-wohnwagen-fenstergummi-t-b-v-pop-out-fenster","status":"publish","type":"product","link":"https:\/\/westys.nl\/de\/product\/westfalia-wohnwagen-fenstergummi-t-b-v-pop-out-fenster\/","title":{"rendered":"Oldtimer Westfalia Wohnwagengummi f\u00fcr Ausstellfenster"},"content":{"rendered":"<p>Der Westfalia Wohnwagengummi f\u00fcr ein Ausstellfenster ist eine Reproduktion. Dieses Teil wird f\u00fcr die zu \u00f6ffnenden Wohnwagenfenster verwendet. Dieser Belag kostet 23,50 \u20ac pro Meter und ist nur pro ganzem Meter erh\u00e4ltlich.<\/p>\n","protected":false},"excerpt":{"rendered":"<p>Der Westfalia Wohnwagengummi f\u00fcr ein Ausstellfenster ist eine Reproduktion. Dieses Teil wird f\u00fcr die zu \u00f6ffnenden Wohnwagenfenster verwendet. Dieser Belag kostet 23,50 \u20ac pro Meter und ist nur pro ganzem Meter erh\u00e4ltlich.<\/p>\n","protected":false},"featured_media":22050,"template":"","meta":[],"product_cat":[729,690,688],"product_tag":[],"_links":{"self":[{"href":"https:\/\/westys.nl\/de\/wp-json\/wp\/v2\/product\/26342"}],"collection":[{"href":"https:\/\/westys.nl\/de\/wp-json\/wp\/v2\/product"}],"about":[{"href":"https:\/\/westys.nl\/de\/wp-json\/wp\/v2\/types\/product"}],"version-history":[{"count":0,"href":"https:\/\/westys.nl\/de\/wp-json\/wp\/v2\/product\/26342\/revisions"}],"wp:featuredmedia":[{"embeddable":true,"href":"https:\/\/westys.nl\/de\/wp-json\/wp\/v2\/media\/22050"}],"wp:attachment":[{"href":"https:\/\/westys.nl\/de\/wp-json\/wp\/v2\/media?parent=26342"}],"wp:term":[{"taxonomy":"product_cat","embeddable":true,"href":"https:\/\/westys.nl\/de\/wp-json\/wp\/v2\/product_cat?post=26342"},{"taxonomy":"product_tag","embeddable":true,"href":"https:\/\/westys.nl\/de\/wp-json\/wp\/v2\/product_tag?post=26342"}],"curies":[{"name":"wp","href":"https:\/\/api.w.org\/{rel}","templated":true}]}}