{"id":26344,"date":"2020-03-19T11:48:39","date_gmt":"2020-03-19T11:48:39","guid":{"rendered":"https:\/\/westys.nl\/product\/oldtimer-westfalia-anhaenger-600-800-kg-cellasto-federsatz\/"},"modified":"2020-03-19T11:48:39","modified_gmt":"2020-03-19T11:48:39","slug":"westfalia-passau-600-800-kg-cellasto-feder-set","status":"publish","type":"product","link":"https:\/\/westys.nl\/de\/product\/westfalia-passau-600-800-kg-cellasto-feder-set\/","title":{"rendered":"Oldtimer Westfalia Anh\u00e4nger 600-800 kg cellasto Federsatz"},"content":{"rendered":"<p>Die cellasto Feder ist ein Original Westfalia Produkt und ist f\u00fcr einen 600-800 kg Passauer Anh\u00e4nger geeignet. Diese Feder kann auch mit anderen 600-800 kg schweren Anh\u00e4ngern verwendet werden, die Cellasto-Federn verwenden.<\/p>\n<p>Bei diesem Artikel handelt es sich um ein Set, das aus 2 Cellasto-Federn besteht.<\/p>\n<p>Die Abmessungen pro St\u00fcck sind:<\/p>\n<p>L\u00e4nge: 154 mm<br \/>\nDurchmesser: 85 mm<br \/>\nGewinde: M10<\/p>\n","protected":false},"excerpt":{"rendered":"<p>Die cellasto Feder ist ein Original Westfalia Produkt und ist f\u00fcr einen 600-800 kg Passauer Anh\u00e4nger geeignet. Diese Feder kann auch mit anderen 600-800 kg schweren Anh\u00e4ngern verwendet werden, die Cellasto-Federn verwenden. Bei diesem Artikel handelt es sich um ein Set, das aus 2 Cellasto-Federn besteht. Die Abmessungen pro St\u00fcck sind: L\u00e4nge: 154 mm Durchmesser: [&hellip;]<\/p>\n","protected":false},"featured_media":22026,"template":"","meta":[],"product_cat":[776,777,700],"product_tag":[],"_links":{"self":[{"href":"https:\/\/westys.nl\/de\/wp-json\/wp\/v2\/product\/26344"}],"collection":[{"href":"https:\/\/westys.nl\/de\/wp-json\/wp\/v2\/product"}],"about":[{"href":"https:\/\/westys.nl\/de\/wp-json\/wp\/v2\/types\/product"}],"version-history":[{"count":0,"href":"https:\/\/westys.nl\/de\/wp-json\/wp\/v2\/product\/26344\/revisions"}],"wp:featuredmedia":[{"embeddable":true,"href":"https:\/\/westys.nl\/de\/wp-json\/wp\/v2\/media\/22026"}],"wp:attachment":[{"href":"https:\/\/westys.nl\/de\/wp-json\/wp\/v2\/media?parent=26344"}],"wp:term":[{"taxonomy":"product_cat","embeddable":true,"href":"https:\/\/westys.nl\/de\/wp-json\/wp\/v2\/product_cat?post=26344"},{"taxonomy":"product_tag","embeddable":true,"href":"https:\/\/westys.nl\/de\/wp-json\/wp\/v2\/product_tag?post=26344"}],"curies":[{"name":"wp","href":"https:\/\/api.w.org\/{rel}","templated":true}]}}