{"id":26345,"date":"2020-02-09T08:40:29","date_gmt":"2020-02-09T08:40:29","guid":{"rendered":"https:\/\/westys.nl\/product\/oldtimer-westfalia-anhaengertuellen-fuer-spurstange\/"},"modified":"2020-02-09T08:40:29","modified_gmt":"2020-02-09T08:40:29","slug":"westfalia-esche-osen-t-b-v-spurstange","status":"publish","type":"product","link":"https:\/\/westys.nl\/de\/product\/westfalia-esche-osen-t-b-v-spurstange\/","title":{"rendered":"Oldtimer Westfalia Anh\u00e4ngert\u00fcllen f\u00fcr Spurstange"},"content":{"rendered":"<p>Die Westfalia T\u00fcllen f\u00fcr die Spurstange sind ein Original Westfalia Produkt. Dieses Teil wird als Dichtung zwischen der Zugstange und dem Kabel verwendet.<\/p>\n","protected":false},"excerpt":{"rendered":"<p>Die Westfalia T\u00fcllen f\u00fcr die Spurstange sind ein Original Westfalia Produkt. Dieses Teil wird als Dichtung zwischen der Zugstange und dem Kabel verwendet.<\/p>\n","protected":false},"featured_media":21744,"template":"","meta":[],"product_cat":[937,729,778,795],"product_tag":[],"_links":{"self":[{"href":"https:\/\/westys.nl\/de\/wp-json\/wp\/v2\/product\/26345"}],"collection":[{"href":"https:\/\/westys.nl\/de\/wp-json\/wp\/v2\/product"}],"about":[{"href":"https:\/\/westys.nl\/de\/wp-json\/wp\/v2\/types\/product"}],"version-history":[{"count":0,"href":"https:\/\/westys.nl\/de\/wp-json\/wp\/v2\/product\/26345\/revisions"}],"wp:featuredmedia":[{"embeddable":true,"href":"https:\/\/westys.nl\/de\/wp-json\/wp\/v2\/media\/21744"}],"wp:attachment":[{"href":"https:\/\/westys.nl\/de\/wp-json\/wp\/v2\/media?parent=26345"}],"wp:term":[{"taxonomy":"product_cat","embeddable":true,"href":"https:\/\/westys.nl\/de\/wp-json\/wp\/v2\/product_cat?post=26345"},{"taxonomy":"product_tag","embeddable":true,"href":"https:\/\/westys.nl\/de\/wp-json\/wp\/v2\/product_tag?post=26345"}],"curies":[{"name":"wp","href":"https:\/\/api.w.org\/{rel}","templated":true}]}}